{"id":46,"date":"2019-01-22T11:57:05","date_gmt":"2019-01-22T11:57:05","guid":{"rendered":"http:\/\/www.formaticbarcelona.com\/avis-legal\/"},"modified":"2019-05-22T10:53:21","modified_gmt":"2019-05-22T10:53:21","slug":"legal-advice","status":"publish","type":"page","link":"https:\/\/www.formaticbarcelona.com\/en\/legal-advice\/","title":{"rendered":"Legal advice"},"content":{"rendered":"<h3>Informaci\u00f3n en cumplimiento de la normativa de protecci\u00f3n de datos personales<\/h3>\n<p>En Europa y en Espa\u00f1a hay normas de protecci\u00f3n de datos pensadas para proteger su informaci\u00f3n personal de obligado cumplimiento para nuestra entidad.<\/p>\n<p>Por ello, es muy importante para nosotros que entienda perfectamente que haremos con los datos personales que le pedimos.<\/p>\n<p>As\u00ed, seremos transparentes y le daremos el control de sus datos, con un lenguaje sencillo y opciones claras que le permitir\u00e1n decidir a usted, \u00bfqu\u00e9 haremos con su informaci\u00f3n personal.<\/p>\n<p>Por favor, si una vez le\u00edda la presente informaci\u00f3n le queda alguna cuesti\u00f3n a aclarar, no dude en preguntarnos.<\/p>\n<p>Muchas gracias por su colaboraci\u00f3n.<\/p>\n<h3>\u00bfSobre nosotros?<\/h3>\n<ul>\n<li>Nuestra denominaci\u00f3n:<\/li>\n<li>Nuestro CIF \/ NIF:<\/li>\n<li>Nuestra actividad principal:<\/li>\n<li>Nuestra direcci\u00f3n:<\/li>\n<li>Nuestro tel\u00e9fono de contacto:<\/li>\n<li>Nuestra direcci\u00f3n de correo electr\u00f3nico de contacto:<\/li>\n<li>Nuestra p\u00e1gina web:<\/li>\n<\/ul>\n<p>Estamos a su disposici\u00f3n, no dude en contactar con nosotros.<\/p>\n<h3>\u00bfPara qu\u00e9 utilizaremos sus datos?<\/h3>\n<p>Con car\u00e1cter general, sus datos personales ser\u00e1n usados \u200b\u200bpara poder relacionarnos con usted y poder prestar nuestros servicios.<\/p>\n<p>Asimismo, tambi\u00e9n pueden ser usadas para otras actividades, como enviarle publicidad o promocionar nuestras activitats. Tambi\u00e9n pueder ser usados \u200b\u200bpara Otras actividades, como enviarle publicidad o promocionar Nuestras actividades.<\/p>\n<h3>\u00bfPor qu\u00e9 necesitamos utilizar sus datos?<\/h3>\n<p>Sus datos personales son necesarios para poder relacionarnos con usted y poder prestarle nuestros servicios, lo que nos permite el uso de su informaci\u00f3n dentro de la legalidad.<\/p>\n<p>Sin embargo, hay determinadas situaciones en las que necesitaremos su permiso previo para poder realizar determinadas actividades, como poder enviarle publicidad o publicar su imagen en Internet. Para ello, pondremos a su disposici\u00f3n una serie de casillas que le permitir\u00e1n decidir de manera clara y sencilla sobre el uso de su informaci\u00f3n personal.<\/p>\n<h3>\u00bfQui\u00e9n conocer\u00e1 la informaci\u00f3n que le pedimos?<\/h3>\n<p>Con car\u00e1cter general, s\u00f3lo el personal de nuestra entidad que est\u00e9 debidamente autorizado podr\u00e1 tener conocimiento de la informaci\u00f3n que le pedimos.<\/p>\n<p>Del mismo modo, podr\u00e1n tener conocimiento de su informaci\u00f3n personal aquellas entidades que necesiten tener acceso a la misma para que podamos prestar nuestros servicios. As\u00ed por ejemplo, nuestro banco conocer\u00e1 sus datos si el pago de nuestros servicios se realiza mediante tarjeta o transferencia bancaria.<\/p>\n<p>Asimismo, tendr\u00e1n conocimiento de su informaci\u00f3n aquellas entidades p\u00fablicas o privadas a las que estemos obligados a facilitar sus datos personales con motivo del cumplimiento de alguna ley. Poni\u00e9ndole un ejemplo, la Ley Tributaria obliga a facilitar a la Agencia Tributaria determinada informaci\u00f3n sobre operaciones econ\u00f3micas que superen una determinada cantidad.<\/p>\n<p>En caso de que, al margen de los supuestos comentados, necesitamos dar a conocer su informaci\u00f3n personal a otras entidades, le pediremos previamente su permiso a trav\u00e9s de opciones claras que le permitir\u00e1n decidir ello.<\/p>\n<h3>\u00bfC\u00f3mo vamos a proteger sus datos?<\/h3>\n<p>Protegeremos sus datos con medidas de seguridad eficaces en funci\u00f3n de los riesgos que comporte el uso de su informaci\u00f3n.<\/p>\n<p>Para ello, nuestra entidad ha aprobado una Pol\u00edtica de Protecci\u00f3n de Datos y se realizan controles y auditor\u00edas anuales para verificar que sus datos personales est\u00e1n seguros en todo momento.<\/p>\n<h3>\u00bfEnviaremos sus datos a otros pa\u00edses?<\/h3>\n<p>En el mundo hay pa\u00edses que son seguros para sus datos y otros que no lo son tanto. As\u00ed por ejemplo, la Uni\u00f3n Europea es un entorno seguro para sus datos. Nuestra pol\u00edtica es no enviar su informaci\u00f3n personal a ning\u00fan pa\u00eds que no sea seguro desde el punto de vista de la protecci\u00f3n de sus datos.<\/p>\n<p>En caso de que, con motivo de prestarle el servicio, sea imprescindible enviar sus datos a un pa\u00eds que no sea tan seguro como Espa\u00f1a, siempre le pediremos previamente su permiso y aplicaremos medidas de seguridad eficaces que reduzcan los riesgos de la env\u00edo de su informaci\u00f3n personal a otro pa\u00eds.<\/p>\n<h3>\u00bfDurante cu\u00e1nto tiempo vamos a conservar sus datos?<\/h3>\n<p>Conservaremos sus datos durante nuestra relaci\u00f3n y mientras nos obliguen las leyes. Una vez finalizados los plazos legales aplicables, haremos eliminarlas de forma segura y respetuosa con el medio ambiente.<\/p>\n<h3>\u00bfCu\u00e1les son sus derechos de protecci\u00f3n de datos?<\/h3>\n<p>En cualquier momento puede dirigirse a nosotros para saber qu\u00e9 informaci\u00f3n tenemos sobre usted por si fuera incorrecta y eliminarla una vez finalizada nuestra relaci\u00f3n, en caso de que esto sea legalmente posible.<\/p>\n<p>Tambi\u00e9n tiene derecho a solicitar el traspaso de su informaci\u00f3n a otra entidad. Este derecho se llama &#8220;portabilidad&#8221; y puede ser \u00fatil en determinadas situaciones.<\/p>\n<p>Para solicitar alguno de estos derechos, deber\u00e1 realizar una solicitud escrita a nuestra direcci\u00f3n, junto con una fotocopia de su DNI, para poder identificarlo.<\/p>\n<p>En las oficinas de nuestra entidad disponemos de formularios espec\u00edficos para solicitar estos derechos y le ofrecemos nuestra ayuda para rellenarlos.<\/p>\n<p>Para saber m\u00e1s sobre sus derechos de protecci\u00f3n de datos, puede consultar la p\u00e1gina web de la Agencia Espa\u00f1ola de Protecci\u00f3n de Datos (<a href=\"http:\/\/www.agpd.es\">www.agpd.es<\/a>).<\/p>\n<h3>\u00bfPuede retirar su consentimiento si cambia de opini\u00f3n en un momento posterior?<\/h3>\n<p>Usted puede retirar su consentimiento si cambia de opini\u00f3n sobre el uso de sus datos en cualquier momento.<\/p>\n<p>As\u00ed por ejemplo, si usted en su d\u00eda estuvo interesado \/ a en recibir publicidad de nuestros productos o servicios, pero ya no desea recibir m\u00e1s publicidad, puede hacernos constar mediante el formulario de oposici\u00f3n a este apartado, disponible en las oficinas de nuestra entidad.<\/p>\n<h3>En caso de que entienda que sus derechos han sido desatendidos, \u00bfse puede formular una reclamaci\u00f3n?<\/h3>\n<p>En caso de que entienda que sus derechos han sido desatendidos por nuestra entidad, puede formular una reclamaci\u00f3n a la Agencia Espa\u00f1ola de Protecci\u00f3n de Datos, a trav\u00e9s de alguno de los siguientes medios:<\/p>\n<ul>\n<li><strong>Sede electr\u00f3nica<\/strong>: <a href=\"http:\/\/www.agpd.es\">www.agpd.es<\/a><\/li>\n<li><strong>Direcci\u00f3n postal<\/strong>:<br \/>\nAgencia Espa\u00f1ola de Protecci\u00f3n de Datos<br \/>\nC \/ Jorge Juan, 6<br \/>\n28001-Madrid<\/li>\n<li><strong>V\u00eda telef\u00f3nica<\/strong>:<br \/>\nTelf. 901100099<br \/>\nTelf. 91266 35 17<\/li>\n<\/ul>\n<p>Hacer una reclamaci\u00f3n a la Agencia Espa\u00f1ola de Protecci\u00f3n de Datos no conlleva ning\u00fan coste y no es necesaria la asistencia de abogado ni procurador.<\/p>\n<h3>\u00bfElaboraremos perfiles sobre usted?<\/h3>\n<p>Nuestra pol\u00edtica es no elaborar perfiles sobre los usuarios de nuestros servicios.<\/p>\n<p>Sin embargo, pueden existir situaciones en las que, con fines de prestaci\u00f3n del servicio, comerciales o de otro tipo, necesitamos elaborar perfiles de informaci\u00f3n sobre usted. Un ejemplo podr\u00eda ser la utilizaci\u00f3n de su historial de compras o servicios para poder ofrecerle productos o servicios adaptados a sus gustos o necesidades.<\/p>\n<p>En este caso, siempre le mantendremos informado previamente y aplicaremos medidas de seguridad eficaces que protejan su informaci\u00f3n en todo momento, de personas no autorizadas que pretendan utilizarla en su propio beneficio.<br \/>\nUtilizaremos sus datos para otros fines?<\/p>\n<p>Nuestra pol\u00edtica es no utilizar sus datos para otros fines distintos de los que le hemos explicado. Sin embargo, si necesit\u00e1ramos utilizar sus datos para actividades diferentes, siempre le pediremos previamente su permiso a trav\u00e9s de opciones claras que le permitir\u00e1n decidir sobre ello.<\/p>\n","protected":false},"excerpt":{"rendered":"<p>Informaci\u00f3n en cumplimiento de la normativa de protecci\u00f3n de datos personales En Europa y en Espa\u00f1a hay normas de protecci\u00f3n de datos pensadas para proteger su informaci\u00f3n personal de obligado cumplimiento para nuestra entidad. Por ello, es muy importante para nosotros que entienda perfectamente que haremos con los datos personales que le pedimos. As\u00ed, seremos [&hellip;]<\/p>\n","protected":false},"author":1,"featured_media":0,"parent":0,"menu_order":8,"comment_status":"closed","ping_status":"closed","template":"","meta":{"footnotes":""},"class_list":["post-46","page","type-page","status-publish","hentry"],"yoast_head":"<!-- This site is optimized with the Yoast SEO plugin v24.8.1 - https:\/\/yoast.com\/wordpress\/plugins\/seo\/ -->\n<title>Legal advice | Escola Universit\u00e0ria Formatic Barcelona<\/title>\n<meta name=\"robots\" content=\"index, follow, max-snippet:-1, max-image-preview:large, max-video-preview:-1\" \/>\n<link rel=\"canonical\" href=\"https:\/\/www.formaticbarcelona.com\/en\/legal-advice\/\" \/>\n<meta property=\"og:locale\" content=\"en_US\" \/>\n<meta property=\"og:type\" content=\"article\" \/>\n<meta property=\"og:title\" content=\"Legal advice | Escola Universit\u00e0ria Formatic Barcelona\" \/>\n<meta property=\"og:description\" content=\"Informaci\u00f3n en cumplimiento de la normativa de protecci\u00f3n de datos personales En Europa y en Espa\u00f1a hay normas de protecci\u00f3n de datos pensadas para proteger su informaci\u00f3n personal de obligado cumplimiento para nuestra entidad. Por ello, es muy importante para nosotros que entienda perfectamente que haremos con los datos personales que le pedimos. As\u00ed, seremos [&hellip;]\" \/>\n<meta property=\"og:url\" content=\"https:\/\/www.formaticbarcelona.com\/en\/legal-advice\/\" \/>\n<meta property=\"og:site_name\" content=\"Escola Universit\u00e0ria Formatic Barcelona\" \/>\n<meta property=\"article:publisher\" content=\"https:\/\/www.facebook.com\/escola.barna\" \/>\n<meta property=\"article:modified_time\" content=\"2019-05-22T10:53:21+00:00\" \/>\n<meta name=\"twitter:card\" content=\"summary_large_image\" \/>\n<meta name=\"twitter:site\" content=\"@formaticbarna\" \/>\n<meta name=\"twitter:label1\" content=\"Est. reading time\" \/>\n\t<meta name=\"twitter:data1\" content=\"6 minutes\" \/>\n<script type=\"application\/ld+json\" class=\"yoast-schema-graph\">{\"@context\":\"https:\/\/schema.org\",\"@graph\":[{\"@type\":\"WebPage\",\"@id\":\"https:\/\/www.formaticbarcelona.com\/en\/legal-advice\/\",\"url\":\"https:\/\/www.formaticbarcelona.com\/en\/legal-advice\/\",\"name\":\"Legal advice | Escola Universit\u00e0ria Formatic Barcelona\",\"isPartOf\":{\"@id\":\"https:\/\/www.formaticbarcelona.com\/en\/#website\"},\"datePublished\":\"2019-01-22T11:57:05+00:00\",\"dateModified\":\"2019-05-22T10:53:21+00:00\",\"breadcrumb\":{\"@id\":\"https:\/\/www.formaticbarcelona.com\/en\/legal-advice\/#breadcrumb\"},\"inLanguage\":\"en-US\",\"potentialAction\":[{\"@type\":\"ReadAction\",\"target\":[\"https:\/\/www.formaticbarcelona.com\/en\/legal-advice\/\"]}]},{\"@type\":\"BreadcrumbList\",\"@id\":\"https:\/\/www.formaticbarcelona.com\/en\/legal-advice\/#breadcrumb\",\"itemListElement\":[{\"@type\":\"ListItem\",\"position\":1,\"name\":\"Portada\",\"item\":\"https:\/\/www.formaticbarcelona.com\/en\/\"},{\"@type\":\"ListItem\",\"position\":2,\"name\":\"Legal advice\"}]},{\"@type\":\"WebSite\",\"@id\":\"https:\/\/www.formaticbarcelona.com\/en\/#website\",\"url\":\"https:\/\/www.formaticbarcelona.com\/en\/\",\"name\":\"Escola Universit\u00e0ria Formatic Barcelona\",\"description\":\"Bachelor and Double Degrees - Master's Degree - Higher-level Training Cycles - Crew of Passenger Cabin in Barcelona and Flight Hostesses\",\"potentialAction\":[{\"@type\":\"SearchAction\",\"target\":{\"@type\":\"EntryPoint\",\"urlTemplate\":\"https:\/\/www.formaticbarcelona.com\/en\/?s={search_term_string}\"},\"query-input\":{\"@type\":\"PropertyValueSpecification\",\"valueRequired\":true,\"valueName\":\"search_term_string\"}}],\"inLanguage\":\"en-US\"}]}<\/script>\n<!-- \/ Yoast SEO plugin. -->","yoast_head_json":{"title":"Legal advice | Escola Universit\u00e0ria Formatic Barcelona","robots":{"index":"index","follow":"follow","max-snippet":"max-snippet:-1","max-image-preview":"max-image-preview:large","max-video-preview":"max-video-preview:-1"},"canonical":"https:\/\/www.formaticbarcelona.com\/en\/legal-advice\/","og_locale":"en_US","og_type":"article","og_title":"Legal advice | Escola Universit\u00e0ria Formatic Barcelona","og_description":"Informaci\u00f3n en cumplimiento de la normativa de protecci\u00f3n de datos personales En Europa y en Espa\u00f1a hay normas de protecci\u00f3n de datos pensadas para proteger su informaci\u00f3n personal de obligado cumplimiento para nuestra entidad. Por ello, es muy importante para nosotros que entienda perfectamente que haremos con los datos personales que le pedimos. As\u00ed, seremos [&hellip;]","og_url":"https:\/\/www.formaticbarcelona.com\/en\/legal-advice\/","og_site_name":"Escola Universit\u00e0ria Formatic Barcelona","article_publisher":"https:\/\/www.facebook.com\/escola.barna","article_modified_time":"2019-05-22T10:53:21+00:00","twitter_card":"summary_large_image","twitter_site":"@formaticbarna","twitter_misc":{"Est. reading time":"6 minutes"},"schema":{"@context":"https:\/\/schema.org","@graph":[{"@type":"WebPage","@id":"https:\/\/www.formaticbarcelona.com\/en\/legal-advice\/","url":"https:\/\/www.formaticbarcelona.com\/en\/legal-advice\/","name":"Legal advice | Escola Universit\u00e0ria Formatic Barcelona","isPartOf":{"@id":"https:\/\/www.formaticbarcelona.com\/en\/#website"},"datePublished":"2019-01-22T11:57:05+00:00","dateModified":"2019-05-22T10:53:21+00:00","breadcrumb":{"@id":"https:\/\/www.formaticbarcelona.com\/en\/legal-advice\/#breadcrumb"},"inLanguage":"en-US","potentialAction":[{"@type":"ReadAction","target":["https:\/\/www.formaticbarcelona.com\/en\/legal-advice\/"]}]},{"@type":"BreadcrumbList","@id":"https:\/\/www.formaticbarcelona.com\/en\/legal-advice\/#breadcrumb","itemListElement":[{"@type":"ListItem","position":1,"name":"Portada","item":"https:\/\/www.formaticbarcelona.com\/en\/"},{"@type":"ListItem","position":2,"name":"Legal advice"}]},{"@type":"WebSite","@id":"https:\/\/www.formaticbarcelona.com\/en\/#website","url":"https:\/\/www.formaticbarcelona.com\/en\/","name":"Escola Universit\u00e0ria Formatic Barcelona","description":"Bachelor and Double Degrees - Master's Degree - Higher-level Training Cycles - Crew of Passenger Cabin in Barcelona and Flight Hostesses","potentialAction":[{"@type":"SearchAction","target":{"@type":"EntryPoint","urlTemplate":"https:\/\/www.formaticbarcelona.com\/en\/?s={search_term_string}"},"query-input":{"@type":"PropertyValueSpecification","valueRequired":true,"valueName":"search_term_string"}}],"inLanguage":"en-US"}]}},"_links":{"self":[{"href":"https:\/\/www.formaticbarcelona.com\/en\/wp-json\/wp\/v2\/pages\/46","targetHints":{"allow":["GET"]}}],"collection":[{"href":"https:\/\/www.formaticbarcelona.com\/en\/wp-json\/wp\/v2\/pages"}],"about":[{"href":"https:\/\/www.formaticbarcelona.com\/en\/wp-json\/wp\/v2\/types\/page"}],"author":[{"embeddable":true,"href":"https:\/\/www.formaticbarcelona.com\/en\/wp-json\/wp\/v2\/users\/1"}],"replies":[{"embeddable":true,"href":"https:\/\/www.formaticbarcelona.com\/en\/wp-json\/wp\/v2\/comments?post=46"}],"version-history":[{"count":2,"href":"https:\/\/www.formaticbarcelona.com\/en\/wp-json\/wp\/v2\/pages\/46\/revisions"}],"predecessor-version":[{"id":2569,"href":"https:\/\/www.formaticbarcelona.com\/en\/wp-json\/wp\/v2\/pages\/46\/revisions\/2569"}],"wp:attachment":[{"href":"https:\/\/www.formaticbarcelona.com\/en\/wp-json\/wp\/v2\/media?parent=46"}],"curies":[{"name":"wp","href":"https:\/\/api.w.org\/{rel}","templated":true}]}}