{"id":50,"date":"2019-01-22T11:59:28","date_gmt":"2019-01-22T11:59:28","guid":{"rendered":"http:\/\/www.formaticbarcelona.com\/politica-de-cookies\/"},"modified":"2019-05-22T11:18:34","modified_gmt":"2019-05-22T11:18:34","slug":"cookies-policy","status":"publish","type":"page","link":"https:\/\/www.formaticbarcelona.com\/en\/cookies-policy\/","title":{"rendered":"Cookies Policy"},"content":{"rendered":"<h3>Informaci\u00f3n en cumplimiento de la normativa de protecci\u00f3n de datos personales.<\/h3>\n<h3>\u00bfQu\u00e9 son las cookies y para qu\u00e9 las usamos?<\/h3>\n<p>Una cookie o galleta inform\u00e1tica es un peque\u00f1o archivo de informaci\u00f3n que se guarda en su navegador cada vez que visita nuestra p\u00e1gina web.<\/p>\n<p>La utilidad de las cookies es guardar el historial de su actividad en nuestra p\u00e1gina web, de modo que, cuando la visite de nuevo, \u00e9sta pueda identificarle y configurar el contenido de la misma en base a sus h\u00e1bitos de navegaci\u00f3n , identidad y preferencias.<\/p>\n<p>Una cookie es inofensiva, no contiene c\u00f3digo malicioso o malintencionado (ej. Virus, troyanos, gusanos, etc.) que pueda da\u00f1ar su terminal (ordenador, smartphone, tableta, etc.), pero si que tiene cierto impacto sobre su derecho a la protecci\u00f3n de sus datos, pues recoge determinada informaci\u00f3n perteneciente a su persona (h\u00e1bitos de navegaci\u00f3n, identidad, preferencias, etc.).<\/p>\n<h3>\u00bfQu\u00e9 informaci\u00f3n guarda una cookie?<\/h3>\n<p>Las cookies no solas recoger categor\u00edas especiales de datos personales (datos sensibles). Los datos que guardan son de car\u00e1cter t\u00e9cnico, preferencias personales, personalizaci\u00f3n de contenido, etc.<\/p>\n<h3>\u00bfQu\u00e9 tipos de cookies existen?<\/h3>\n<p>De car\u00e1cter general, existen cinco tipos de cookies:<\/p>\n<ul>\n<li><strong>Cookies t\u00e9cnicas:<\/strong><br \/>\nSon las m\u00e1s b\u00e1sicas. Permiten al usuario la navegaci\u00f3n a trav\u00e9s de una p\u00e1gina web, plataforma o aplicaci\u00f3n y la utilizaci\u00f3n de las diferentes opciones o servicios que en ella haya como, por ejemplo, controlar el tr\u00e1fico y la comunicaci\u00f3n de datos, identificar la sesi\u00f3n, acceder a partes de acceso restringido, recordar los elementos que integran un pedido, realizar el proceso de compra de un pedido, realizar la solicitud de inscripci\u00f3n o participaci\u00f3n en un evento, utilizar elementos de seguridad durante la navegaci\u00f3n, almacenar contenidos para la difusi\u00f3n de v\u00eddeos o sonido o compartir contenidos a trav\u00e9s de redes sociales.<\/li>\n<li><strong>Cookies de personalizaci\u00f3n:<\/strong><br \/>\nSon aquellas que permiten al usuario acceder al servicio con algunas caracter\u00edsticas de car\u00e1cter general predefinidas en funci\u00f3n de una serie de criterios en el terminal del usuario como ser\u00edan el idioma, el tipo de navegador a trav\u00e9s del cual se accede al servicio, la configuraci\u00f3n regional desde donde accede al servicio, etc.<\/li>\n<li><strong>Cookies de an\u00e1lisis:<\/strong><br \/>\nSon aquellas que permiten al responsable de las mismas, el seguimiento y an\u00e1lisis del comportamiento de los usuarios de los sitios web a los que est\u00e1n vinculadas. La informaci\u00f3n recogida mediante este tipo de galletas se utiliza en la medici\u00f3n de la actividad de los sitios web, aplicaci\u00f3n o plataforma y para la elaboraci\u00f3n de perfiles de navegaci\u00f3n de los usuarios de estos sitios, aplicaciones y plataformas, con el fin de introducir mejoras en funci\u00f3n del an\u00e1lisis de los datos de uso que hacen los usuarios del servicio.<\/li>\n<li><strong>Cookies publicitarias:<\/strong><br \/>\nSon aquellas que permiten la gesti\u00f3n, de la manera m\u00e1s eficaz posible, los espacios publicitarios que, en su caso, el editor haya incluido en una p\u00e1gina web, aplicaci\u00f3n o plataforma desde la que presta el servicio solicitado bas\u00e1ndose en criterios como el contenido editado o la frecuencia en que se muestran los anuncios.<\/li>\n<li><strong>Cookies de publicidad comportamental:<\/strong><br \/>\nSon aquellas que permiten la gesti\u00f3n, de la manera m\u00e1s eficaz posible, los espacios publicitarios que, en su caso, el editor haya incluido en una p\u00e1gina web, aplicaci\u00f3n o plataforma desde la que presta el servicio solicitado. Estas galletas almacenan informaci\u00f3n del comportamiento de los usuarios obtenida a trav\u00e9s de la observaci\u00f3n continuada de sus h\u00e1bitos de navegaci\u00f3n, lo que permite desarrollar un perfil espec\u00edfico para mostrar publicidad en funci\u00f3n del mismo.<\/li>\n<\/ul>\n<h3>\u00bfQu\u00e9 son las cookies propias y las de terceros?<\/h3>\n<ul>\n<li><strong>Cookies propias:<\/strong><br \/>\nLas cookies propias son aquellas que se generan y gestionan por el propio responsable que presta el servicio solicitado por el usuario.<\/li>\n<li><strong>Cookies de terceros:<\/strong><br \/>\nSon aquellas que se generan por otras entidades diferentes al propio responsable (servicios o proveedores externos, como por ejemplo Google).<\/li>\n<\/ul>\n<h3>\u00bfQu\u00e9 tipo de cookies guarda nuestra p\u00e1gina web?<\/h3>\n<p>A continuaci\u00f3n, procedemos a relacionar el tipo de cookies que guarda nuestra p\u00e1gina web y la finalidad de \u00e9stas:<\/p>\n<p>&nbsp;<\/p>\n<div class=\"div-table\">\n<table style=\"border-collapse: collapse; width: 100%;\" border=\"1\">\n<tbody>\n<tr style=\"height: 24px;\">\n<td style=\"width: 25%; height: 24px;\">Nombre y tipos<\/td>\n<td style=\"width: 50%; height: 24px;\">Finalidad<\/td>\n<td style=\"width: 25%; height: 24px;\">Cu\u00e1ndo y c\u00f3mo se guarda<\/td>\n<\/tr>\n<tr style=\"height: 24px;\">\n<td style=\"width: 25%; height: 24px;\">__utma (An\u00e1lisis)<\/td>\n<td style=\"width: 50%; height: 24px;\">Se utiliza para distinguir usuarios y sesiones. La cookies se crea cuando se ejecuta la biblioteca JavaScript y no hay ninguna cookie _utma. La cookie se actualiza cada vez que se env\u00edan datos a Google Analytics.<\/td>\n<td style=\"width: 25%; height: 24px;\">Caducidad: 2 a\u00f1os.<br \/>\nClase: Terceros<\/td>\n<\/tr>\n<tr style=\"height: 24px;\">\n<td style=\"width: 25%; height: 24px;\">__utmb (An\u00e1lisis)<\/td>\n<td style=\"width: 50%; height: 24px;\">Se utiliza para determinar nuevas sesiones o visitas. La cookie se crea cuando se ejecuta la biblioteca JavaScript y no hay ninguna cookie _utmb. La cookie se actualiza cada vez que se env\u00edan datos a Google Analytics.<\/td>\n<td style=\"width: 25%; height: 24px;\">Caducidad: 30 min.<br \/>\nClase: Terceros<\/td>\n<\/tr>\n<tr style=\"height: 24px;\">\n<td style=\"width: 25%; height: 24px;\">__utmc (An\u00e1lisis)<\/td>\n<td style=\"width: 50%; height: 24px;\">No se utiliza y ga.js. Se configura para interactuar con urchin.js. Anteriormente, esta cookie actuaba junto con la cookie _utmb para determinar si el usuario estaba en una nueva sesi\u00f3n o visita.<\/td>\n<td style=\"width: 25%; height: 24px;\">Caducidad: Final de la sesi\u00f3n del navegador.<br \/>\nClase: Terceros<\/td>\n<\/tr>\n<tr style=\"height: 24px;\">\n<td style=\"width: 25%; height: 24px;\">__utmt (An\u00e1lisis)<\/td>\n<td style=\"width: 50%; height: 24px;\">Se utiliza para limitar el porcentaje de solicitudes.<\/td>\n<td style=\"width: 25%; height: 24px;\">Caducidad: 10 min.<br \/>\nClase: Terceros<\/td>\n<\/tr>\n<tr style=\"height: 24px;\">\n<td style=\"width: 25%; height: 24px;\">__utmz (An\u00e1lisis)<\/td>\n<td style=\"width: 50%; height: 24px;\">Almacena la fuente de tr\u00e1fico o la campa\u00f1a que explica c\u00f3mo ha llegado al usuario al sitio.<\/td>\n<td style=\"width: 25%; height: 24px;\">Caducidad: 6 meses.<br \/>\nClase: Terceros<\/td>\n<\/tr>\n<tr style=\"height: 24px;\">\n<td style=\"width: 25%; height: 24px;\">_ga (T\u00e9cnica)<\/td>\n<td style=\"width: 50%; height: 24px;\">Se utiliza para distinguir a los usuarios.<\/td>\n<td style=\"width: 25%; height: 24px;\">Caducidad: 2 a\u00f1os.<br \/>\nClase: Terceros<\/td>\n<\/tr>\n<tr style=\"height: 24px;\">\n<td style=\"width: 25%; height: 24px;\">_gat (T\u00e9cnica)<\/td>\n<td style=\"width: 50%; height: 24px;\">Se utiliza para limitar el porcentaje de solicitudes. Si has implementado Google Analytics mediante Google Tag Manager.<\/td>\n<td style=\"width: 25%; height: 24px;\">Caducidad: 1 min.<br \/>\nClase: Terceros<\/td>\n<\/tr>\n<tr style=\"height: 24px;\">\n<td style=\"width: 25%; height: 24px;\">_gid (T\u00e9cnica)<\/td>\n<td style=\"width: 50%; height: 24px;\">Se utiliza para distinguir a los usuarios.<\/td>\n<td style=\"width: 25%; height: 24px;\">Caducidad: 24h.<br \/>\nClase: Terceros<\/td>\n<\/tr>\n<tr style=\"height: 24px;\">\n<td style=\"width: 25%; height: 24px;\">apnid (An\u00e1lisis)<\/td>\n<td style=\"width: 50%; height: 24px;\">Nos permite explicar las visitas y las fuentes de tr\u00e1fico para que podamos medir y mejorar el rendimiento de nuestro sitio.<\/td>\n<td style=\"width: 25%; height: 24px;\">Caducidad: 6 meses a 2 a\u00f1os.<br \/>\nClase: Terceros<\/td>\n<\/tr>\n<tr style=\"height: 24px;\">\n<td style=\"width: 25%; height: 24px;\">cid (An\u00e1lisis)<\/td>\n<td style=\"width: 40%; height: 24px;\">Nos permite explicar las visitas y las fuentes de tr\u00e1fico para que podamos medir y mejorar el rendimiento de nuestro sitio.<\/td>\n<td style=\"width: 25%; height: 24px;\">Caducidad: 5 a\u00f1os.<br \/>\nClase: Terceros<\/td>\n<\/tr>\n<tr style=\"height: 24px;\">\n<td style=\"width: 25%; height: 24px;\">gid (An\u00e1lisis)<\/td>\n<td style=\"width: 50%; height: 24px;\">Nos permite explicar las visitas y las fuentes de tr\u00e1fico para que podamos medir y mejorar el rendimiento de nuestro sitio.<\/td>\n<td style=\"width: 25%; height: 24px;\">Caducidad: 1 d\u00eda.<br \/>\nClase: Terceros<\/td>\n<\/tr>\n<tr style=\"height: 24px;\">\n<td style=\"width: 25%; height: 24px;\">eufb<br \/>\n_cookies<br \/>\n_accept (T\u00e9cnica)<\/td>\n<td style=\"width: 50%; height: 24px;\">Esta cookie t\u00e9cnica nos permite conocer si ya se le ha mostrado el aviso de pol\u00edtica de cookies de nuestro Sitio Web para no mostrarlo de nuevo.<\/td>\n<td style=\"width: 25%; height: 24px;\">Caducidad: 5 a\u00f1os.<br \/>\nClasse: Propia<\/td>\n<\/tr>\n<\/tbody>\n<\/table>\n<\/div>\n<h3>\u00bfQu\u00e9 puedo hacer con las cookies?<\/h3>\n<p>Las cookies pueden ser borradas, aceptadas o bloqueadas, seg\u00fan desee, para ello s\u00f3lo tiene que configurar convenientemente el navegador web.<\/p>\n<p>En cualquier momento, puede impedir la instalaci\u00f3n de cookies (bloqueo) en su equipo mediante la opci\u00f3n correspondiente en su navegador, pero en este caso no podemos asegurarle el correcto funcionamiento de las diferentes funcionalidades de nuestra p\u00e1gina web .<\/p>\n<p>A continuaci\u00f3n le facilitamos los enlaces para la gesti\u00f3n y el bloqueo de las cookies dependiendo del navegador que utilice:<\/p>\n<ul>\n<li><strong>Internet Explorer:<\/strong> <a href=\"http:\/\/windows.microsoft.com\/es-xl\/internet-explorer\/delete-manage-cookies#ie=ie-10\">http:\/\/windows.microsoft.com\/es-xl\/internet-explorer\/delete-manage-cookies#ie=ie-10<\/a><\/li>\n<li><strong>FireFox:<\/strong>\u00a0<a href=\"http:\/\/support.mozilla.org\/es\/kb\/habilitar-y-deshabilitar-cookies-que-los-sitios-we\">http:\/\/support.mozilla.org\/es\/kb\/habilitar-y-deshabilitar-cookies-que-los-sitios-we<\/a><\/li>\n<li><strong>Chrome:<\/strong>\u00a0<a href=\"https:\/\/support.google.com\/chrome\/answer\/95647?hl=es\">https:\/\/support.google.com\/chrome\/answer\/95647?hl=es<\/a><\/li>\n<li><strong>Safari:<\/strong>\u00a0<a href=\"https:\/\/www.apple.com\/legal\/privacy\/es\/cookies\/\">https:\/\/www.apple.com\/legal\/privacy\/es\/cookies\/<\/a><\/li>\n<\/ul>\n<p>Tambi\u00e9n puede borrarlas cookies que tenga guardadas en su navegador accediendo a las opciones de configuraci\u00f3n de \u00e9ste.<\/p>\n","protected":false},"excerpt":{"rendered":"<p>Informaci\u00f3n en cumplimiento de la normativa de protecci\u00f3n de datos personales. \u00bfQu\u00e9 son las cookies y para qu\u00e9 las usamos? Una cookie o galleta inform\u00e1tica es un peque\u00f1o archivo de informaci\u00f3n que se guarda en su navegador cada vez que visita nuestra p\u00e1gina web. La utilidad de las cookies es guardar el historial de su [&hellip;]<\/p>\n","protected":false},"author":1,"featured_media":0,"parent":0,"menu_order":10,"comment_status":"closed","ping_status":"closed","template":"","meta":{"footnotes":""},"class_list":["post-50","page","type-page","status-publish","hentry"],"yoast_head":"<!-- This site is optimized with the Yoast SEO plugin v24.8.1 - https:\/\/yoast.com\/wordpress\/plugins\/seo\/ -->\n<title>Cookies Policy | Escola Universit\u00e0ria Formatic Barcelona<\/title>\n<meta name=\"robots\" content=\"index, follow, max-snippet:-1, max-image-preview:large, max-video-preview:-1\" \/>\n<link rel=\"canonical\" href=\"https:\/\/www.formaticbarcelona.com\/en\/cookies-policy\/\" \/>\n<meta property=\"og:locale\" content=\"en_US\" \/>\n<meta property=\"og:type\" content=\"article\" \/>\n<meta property=\"og:title\" content=\"Cookies Policy | Escola Universit\u00e0ria Formatic Barcelona\" \/>\n<meta property=\"og:description\" content=\"Informaci\u00f3n en cumplimiento de la normativa de protecci\u00f3n de datos personales. \u00bfQu\u00e9 son las cookies y para qu\u00e9 las usamos? Una cookie o galleta inform\u00e1tica es un peque\u00f1o archivo de informaci\u00f3n que se guarda en su navegador cada vez que visita nuestra p\u00e1gina web. La utilidad de las cookies es guardar el historial de su [&hellip;]\" \/>\n<meta property=\"og:url\" content=\"https:\/\/www.formaticbarcelona.com\/en\/cookies-policy\/\" \/>\n<meta property=\"og:site_name\" content=\"Escola Universit\u00e0ria Formatic Barcelona\" \/>\n<meta property=\"article:publisher\" content=\"https:\/\/www.facebook.com\/escola.barna\" \/>\n<meta property=\"article:modified_time\" content=\"2019-05-22T11:18:34+00:00\" \/>\n<meta name=\"twitter:card\" content=\"summary_large_image\" \/>\n<meta name=\"twitter:site\" content=\"@formaticbarna\" \/>\n<meta name=\"twitter:label1\" content=\"Est. reading time\" \/>\n\t<meta name=\"twitter:data1\" content=\"6 minutes\" \/>\n<script type=\"application\/ld+json\" class=\"yoast-schema-graph\">{\"@context\":\"https:\/\/schema.org\",\"@graph\":[{\"@type\":\"WebPage\",\"@id\":\"https:\/\/www.formaticbarcelona.com\/en\/cookies-policy\/\",\"url\":\"https:\/\/www.formaticbarcelona.com\/en\/cookies-policy\/\",\"name\":\"Cookies Policy | Escola Universit\u00e0ria Formatic Barcelona\",\"isPartOf\":{\"@id\":\"https:\/\/www.formaticbarcelona.com\/en\/#website\"},\"datePublished\":\"2019-01-22T11:59:28+00:00\",\"dateModified\":\"2019-05-22T11:18:34+00:00\",\"breadcrumb\":{\"@id\":\"https:\/\/www.formaticbarcelona.com\/en\/cookies-policy\/#breadcrumb\"},\"inLanguage\":\"en-US\",\"potentialAction\":[{\"@type\":\"ReadAction\",\"target\":[\"https:\/\/www.formaticbarcelona.com\/en\/cookies-policy\/\"]}]},{\"@type\":\"BreadcrumbList\",\"@id\":\"https:\/\/www.formaticbarcelona.com\/en\/cookies-policy\/#breadcrumb\",\"itemListElement\":[{\"@type\":\"ListItem\",\"position\":1,\"name\":\"Portada\",\"item\":\"https:\/\/www.formaticbarcelona.com\/en\/\"},{\"@type\":\"ListItem\",\"position\":2,\"name\":\"Cookies Policy\"}]},{\"@type\":\"WebSite\",\"@id\":\"https:\/\/www.formaticbarcelona.com\/en\/#website\",\"url\":\"https:\/\/www.formaticbarcelona.com\/en\/\",\"name\":\"Escola Universit\u00e0ria Formatic Barcelona\",\"description\":\"Bachelor and Double Degrees - Master's Degree - Higher-level Training Cycles - Crew of Passenger Cabin in Barcelona and Flight Hostesses\",\"potentialAction\":[{\"@type\":\"SearchAction\",\"target\":{\"@type\":\"EntryPoint\",\"urlTemplate\":\"https:\/\/www.formaticbarcelona.com\/en\/?s={search_term_string}\"},\"query-input\":{\"@type\":\"PropertyValueSpecification\",\"valueRequired\":true,\"valueName\":\"search_term_string\"}}],\"inLanguage\":\"en-US\"}]}<\/script>\n<!-- \/ Yoast SEO plugin. -->","yoast_head_json":{"title":"Cookies Policy | Escola Universit\u00e0ria Formatic Barcelona","robots":{"index":"index","follow":"follow","max-snippet":"max-snippet:-1","max-image-preview":"max-image-preview:large","max-video-preview":"max-video-preview:-1"},"canonical":"https:\/\/www.formaticbarcelona.com\/en\/cookies-policy\/","og_locale":"en_US","og_type":"article","og_title":"Cookies Policy | Escola Universit\u00e0ria Formatic Barcelona","og_description":"Informaci\u00f3n en cumplimiento de la normativa de protecci\u00f3n de datos personales. \u00bfQu\u00e9 son las cookies y para qu\u00e9 las usamos? Una cookie o galleta inform\u00e1tica es un peque\u00f1o archivo de informaci\u00f3n que se guarda en su navegador cada vez que visita nuestra p\u00e1gina web. La utilidad de las cookies es guardar el historial de su [&hellip;]","og_url":"https:\/\/www.formaticbarcelona.com\/en\/cookies-policy\/","og_site_name":"Escola Universit\u00e0ria Formatic Barcelona","article_publisher":"https:\/\/www.facebook.com\/escola.barna","article_modified_time":"2019-05-22T11:18:34+00:00","twitter_card":"summary_large_image","twitter_site":"@formaticbarna","twitter_misc":{"Est. reading time":"6 minutes"},"schema":{"@context":"https:\/\/schema.org","@graph":[{"@type":"WebPage","@id":"https:\/\/www.formaticbarcelona.com\/en\/cookies-policy\/","url":"https:\/\/www.formaticbarcelona.com\/en\/cookies-policy\/","name":"Cookies Policy | Escola Universit\u00e0ria Formatic Barcelona","isPartOf":{"@id":"https:\/\/www.formaticbarcelona.com\/en\/#website"},"datePublished":"2019-01-22T11:59:28+00:00","dateModified":"2019-05-22T11:18:34+00:00","breadcrumb":{"@id":"https:\/\/www.formaticbarcelona.com\/en\/cookies-policy\/#breadcrumb"},"inLanguage":"en-US","potentialAction":[{"@type":"ReadAction","target":["https:\/\/www.formaticbarcelona.com\/en\/cookies-policy\/"]}]},{"@type":"BreadcrumbList","@id":"https:\/\/www.formaticbarcelona.com\/en\/cookies-policy\/#breadcrumb","itemListElement":[{"@type":"ListItem","position":1,"name":"Portada","item":"https:\/\/www.formaticbarcelona.com\/en\/"},{"@type":"ListItem","position":2,"name":"Cookies Policy"}]},{"@type":"WebSite","@id":"https:\/\/www.formaticbarcelona.com\/en\/#website","url":"https:\/\/www.formaticbarcelona.com\/en\/","name":"Escola Universit\u00e0ria Formatic Barcelona","description":"Bachelor and Double Degrees - Master's Degree - Higher-level Training Cycles - Crew of Passenger Cabin in Barcelona and Flight Hostesses","potentialAction":[{"@type":"SearchAction","target":{"@type":"EntryPoint","urlTemplate":"https:\/\/www.formaticbarcelona.com\/en\/?s={search_term_string}"},"query-input":{"@type":"PropertyValueSpecification","valueRequired":true,"valueName":"search_term_string"}}],"inLanguage":"en-US"}]}},"_links":{"self":[{"href":"https:\/\/www.formaticbarcelona.com\/en\/wp-json\/wp\/v2\/pages\/50","targetHints":{"allow":["GET"]}}],"collection":[{"href":"https:\/\/www.formaticbarcelona.com\/en\/wp-json\/wp\/v2\/pages"}],"about":[{"href":"https:\/\/www.formaticbarcelona.com\/en\/wp-json\/wp\/v2\/types\/page"}],"author":[{"embeddable":true,"href":"https:\/\/www.formaticbarcelona.com\/en\/wp-json\/wp\/v2\/users\/1"}],"replies":[{"embeddable":true,"href":"https:\/\/www.formaticbarcelona.com\/en\/wp-json\/wp\/v2\/comments?post=50"}],"version-history":[{"count":5,"href":"https:\/\/www.formaticbarcelona.com\/en\/wp-json\/wp\/v2\/pages\/50\/revisions"}],"predecessor-version":[{"id":2580,"href":"https:\/\/www.formaticbarcelona.com\/en\/wp-json\/wp\/v2\/pages\/50\/revisions\/2580"}],"wp:attachment":[{"href":"https:\/\/www.formaticbarcelona.com\/en\/wp-json\/wp\/v2\/media?parent=50"}],"curies":[{"name":"wp","href":"https:\/\/api.w.org\/{rel}","templated":true}]}}