{"id":186,"date":"2019-01-23T18:24:08","date_gmt":"2019-01-23T18:24:08","guid":{"rendered":"http:\/\/www.formaticbarcelona.com\/campus\/erasmus\/"},"modified":"2026-02-05T19:20:37","modified_gmt":"2026-02-05T19:20:37","slug":"erasmus","status":"publish","type":"page","link":"https:\/\/www.formaticbarcelona.com\/es\/campus\/erasmus\/","title":{"rendered":"Movilidad Erasmus"},"content":{"rendered":"<p>La Escuela Universitaria FORMATIC BARCELONA tiene carta Erasmus propia. Este hecho nos ha otorgado autonom\u00eda para firmar m\u00e1s de 23 convenios de colaboraci\u00f3n con universidades europeas consolidando as\u00ed el proceso de internacionalizaci\u00f3n de nuestra instituci\u00f3n. Nuestros estudiantes disponen de un amplio abanico de instituciones y pa\u00edses donde realizar su estancia de estudios enriqueciendo as\u00ed su expediente acad\u00e9mico.<\/p>\n<p>Contacto: <a href=\"mailto:erasmus@formaticbarcelona.com\">erasmus@formaticbarcelona.com<\/a><\/p>\n<p>Puedes consultar nuestra pol\u00edtica de Erasmus <a href=\"https:\/\/www.formaticbarcelona.com\/wp-content\/uploads\/2025\/12\/Politica-dErasmus-de-lEUFB.pdf\" target=\"_blank\" rel=\"noopener\">clicando aqu\u00ed<\/a><\/p>\n","protected":false},"excerpt":{"rendered":"<p>La Escuela Universitaria FORMATIC BARCELONA tiene carta Erasmus propia. Este hecho nos ha otorgado autonom\u00eda para firmar m\u00e1s de 23 convenios de colaboraci\u00f3n con universidades europeas consolidando as\u00ed el proceso de internacionalizaci\u00f3n de nuestra instituci\u00f3n. Nuestros estudiantes disponen de un amplio abanico de instituciones y pa\u00edses donde realizar su estancia de estudios enriqueciendo as\u00ed su [&hellip;]<\/p>\n","protected":false},"author":1,"featured_media":0,"parent":31,"menu_order":3,"comment_status":"closed","ping_status":"closed","template":"","meta":{"footnotes":""},"class_list":["post-186","page","type-page","status-publish","hentry"],"yoast_head":"<!-- This site is optimized with the Yoast SEO plugin v24.8.1 - https:\/\/yoast.com\/wordpress\/plugins\/seo\/ -->\n<title>Movilidad Erasmus | Escuela Universitaria Formatic Barcelona<\/title>\n<meta name=\"robots\" content=\"index, follow, max-snippet:-1, max-image-preview:large, max-video-preview:-1\" \/>\n<link rel=\"canonical\" href=\"https:\/\/www.formaticbarcelona.com\/es\/campus\/erasmus\/\" \/>\n<meta property=\"og:locale\" content=\"es_ES\" \/>\n<meta property=\"og:type\" content=\"article\" \/>\n<meta property=\"og:title\" content=\"Movilidad Erasmus | Escuela Universitaria Formatic Barcelona\" \/>\n<meta property=\"og:description\" content=\"La Escuela Universitaria FORMATIC BARCELONA tiene carta Erasmus propia. Este hecho nos ha otorgado autonom\u00eda para firmar m\u00e1s de 23 convenios de colaboraci\u00f3n con universidades europeas consolidando as\u00ed el proceso de internacionalizaci\u00f3n de nuestra instituci\u00f3n. Nuestros estudiantes disponen de un amplio abanico de instituciones y pa\u00edses donde realizar su estancia de estudios enriqueciendo as\u00ed su [&hellip;]\" \/>\n<meta property=\"og:url\" content=\"https:\/\/www.formaticbarcelona.com\/es\/campus\/erasmus\/\" \/>\n<meta property=\"og:site_name\" content=\"Escuela Universitaria Formatic Barcelona\" \/>\n<meta property=\"article:publisher\" content=\"https:\/\/www.facebook.com\/escola.barna\" \/>\n<meta property=\"article:modified_time\" content=\"2026-02-05T19:20:37+00:00\" \/>\n<meta name=\"twitter:card\" content=\"summary_large_image\" \/>\n<meta name=\"twitter:site\" content=\"@formaticbarna\" \/>\n<meta name=\"twitter:label1\" content=\"Tiempo de lectura\" \/>\n\t<meta name=\"twitter:data1\" content=\"1 minuto\" \/>\n<script type=\"application\/ld+json\" class=\"yoast-schema-graph\">{\"@context\":\"https:\/\/schema.org\",\"@graph\":[{\"@type\":\"WebPage\",\"@id\":\"https:\/\/www.formaticbarcelona.com\/es\/campus\/erasmus\/\",\"url\":\"https:\/\/www.formaticbarcelona.com\/es\/campus\/erasmus\/\",\"name\":\"Movilidad Erasmus | Escuela Universitaria Formatic Barcelona\",\"isPartOf\":{\"@id\":\"https:\/\/www.formaticbarcelona.com\/es\/#website\"},\"datePublished\":\"2019-01-23T18:24:08+00:00\",\"dateModified\":\"2026-02-05T19:20:37+00:00\",\"breadcrumb\":{\"@id\":\"https:\/\/www.formaticbarcelona.com\/es\/campus\/erasmus\/#breadcrumb\"},\"inLanguage\":\"es\",\"potentialAction\":[{\"@type\":\"ReadAction\",\"target\":[\"https:\/\/www.formaticbarcelona.com\/es\/campus\/erasmus\/\"]}]},{\"@type\":\"BreadcrumbList\",\"@id\":\"https:\/\/www.formaticbarcelona.com\/es\/campus\/erasmus\/#breadcrumb\",\"itemListElement\":[{\"@type\":\"ListItem\",\"position\":1,\"name\":\"Portada\",\"item\":\"https:\/\/www.formaticbarcelona.com\/es\/\"},{\"@type\":\"ListItem\",\"position\":2,\"name\":\"Campus\",\"item\":\"https:\/\/www.formaticbarcelona.com\/es\/campus\/\"},{\"@type\":\"ListItem\",\"position\":3,\"name\":\"Movilidad Erasmus\"}]},{\"@type\":\"WebSite\",\"@id\":\"https:\/\/www.formaticbarcelona.com\/es\/#website\",\"url\":\"https:\/\/www.formaticbarcelona.com\/es\/\",\"name\":\"Escuela Universitaria Formatic Barcelona\",\"description\":\"Estudios de Grado y Dobles Grados \u2013 M\u00e1ster \u2013 Ciclos Formativos de Grado Superior \u2013 Cursos de Tripulante de Cabina de Pasajeros en Barcelona y de Azafatas de Vuelo\",\"potentialAction\":[{\"@type\":\"SearchAction\",\"target\":{\"@type\":\"EntryPoint\",\"urlTemplate\":\"https:\/\/www.formaticbarcelona.com\/es\/?s={search_term_string}\"},\"query-input\":{\"@type\":\"PropertyValueSpecification\",\"valueRequired\":true,\"valueName\":\"search_term_string\"}}],\"inLanguage\":\"es\"}]}<\/script>\n<!-- \/ Yoast SEO plugin. -->","yoast_head_json":{"title":"Movilidad Erasmus | Escuela Universitaria Formatic Barcelona","robots":{"index":"index","follow":"follow","max-snippet":"max-snippet:-1","max-image-preview":"max-image-preview:large","max-video-preview":"max-video-preview:-1"},"canonical":"https:\/\/www.formaticbarcelona.com\/es\/campus\/erasmus\/","og_locale":"es_ES","og_type":"article","og_title":"Movilidad Erasmus | Escuela Universitaria Formatic Barcelona","og_description":"La Escuela Universitaria FORMATIC BARCELONA tiene carta Erasmus propia. Este hecho nos ha otorgado autonom\u00eda para firmar m\u00e1s de 23 convenios de colaboraci\u00f3n con universidades europeas consolidando as\u00ed el proceso de internacionalizaci\u00f3n de nuestra instituci\u00f3n. Nuestros estudiantes disponen de un amplio abanico de instituciones y pa\u00edses donde realizar su estancia de estudios enriqueciendo as\u00ed su [&hellip;]","og_url":"https:\/\/www.formaticbarcelona.com\/es\/campus\/erasmus\/","og_site_name":"Escuela Universitaria Formatic Barcelona","article_publisher":"https:\/\/www.facebook.com\/escola.barna","article_modified_time":"2026-02-05T19:20:37+00:00","twitter_card":"summary_large_image","twitter_site":"@formaticbarna","twitter_misc":{"Tiempo de lectura":"1 minuto"},"schema":{"@context":"https:\/\/schema.org","@graph":[{"@type":"WebPage","@id":"https:\/\/www.formaticbarcelona.com\/es\/campus\/erasmus\/","url":"https:\/\/www.formaticbarcelona.com\/es\/campus\/erasmus\/","name":"Movilidad Erasmus | Escuela Universitaria Formatic Barcelona","isPartOf":{"@id":"https:\/\/www.formaticbarcelona.com\/es\/#website"},"datePublished":"2019-01-23T18:24:08+00:00","dateModified":"2026-02-05T19:20:37+00:00","breadcrumb":{"@id":"https:\/\/www.formaticbarcelona.com\/es\/campus\/erasmus\/#breadcrumb"},"inLanguage":"es","potentialAction":[{"@type":"ReadAction","target":["https:\/\/www.formaticbarcelona.com\/es\/campus\/erasmus\/"]}]},{"@type":"BreadcrumbList","@id":"https:\/\/www.formaticbarcelona.com\/es\/campus\/erasmus\/#breadcrumb","itemListElement":[{"@type":"ListItem","position":1,"name":"Portada","item":"https:\/\/www.formaticbarcelona.com\/es\/"},{"@type":"ListItem","position":2,"name":"Campus","item":"https:\/\/www.formaticbarcelona.com\/es\/campus\/"},{"@type":"ListItem","position":3,"name":"Movilidad Erasmus"}]},{"@type":"WebSite","@id":"https:\/\/www.formaticbarcelona.com\/es\/#website","url":"https:\/\/www.formaticbarcelona.com\/es\/","name":"Escuela Universitaria Formatic Barcelona","description":"Estudios de Grado y Dobles Grados \u2013 M\u00e1ster \u2013 Ciclos Formativos de Grado Superior \u2013 Cursos de Tripulante de Cabina de Pasajeros en Barcelona y de Azafatas de Vuelo","potentialAction":[{"@type":"SearchAction","target":{"@type":"EntryPoint","urlTemplate":"https:\/\/www.formaticbarcelona.com\/es\/?s={search_term_string}"},"query-input":{"@type":"PropertyValueSpecification","valueRequired":true,"valueName":"search_term_string"}}],"inLanguage":"es"}]}},"_links":{"self":[{"href":"https:\/\/www.formaticbarcelona.com\/es\/wp-json\/wp\/v2\/pages\/186","targetHints":{"allow":["GET"]}}],"collection":[{"href":"https:\/\/www.formaticbarcelona.com\/es\/wp-json\/wp\/v2\/pages"}],"about":[{"href":"https:\/\/www.formaticbarcelona.com\/es\/wp-json\/wp\/v2\/types\/page"}],"author":[{"embeddable":true,"href":"https:\/\/www.formaticbarcelona.com\/es\/wp-json\/wp\/v2\/users\/1"}],"replies":[{"embeddable":true,"href":"https:\/\/www.formaticbarcelona.com\/es\/wp-json\/wp\/v2\/comments?post=186"}],"version-history":[{"count":7,"href":"https:\/\/www.formaticbarcelona.com\/es\/wp-json\/wp\/v2\/pages\/186\/revisions"}],"predecessor-version":[{"id":7506,"href":"https:\/\/www.formaticbarcelona.com\/es\/wp-json\/wp\/v2\/pages\/186\/revisions\/7506"}],"up":[{"embeddable":true,"href":"https:\/\/www.formaticbarcelona.com\/es\/wp-json\/wp\/v2\/pages\/31"}],"wp:attachment":[{"href":"https:\/\/www.formaticbarcelona.com\/es\/wp-json\/wp\/v2\/media?parent=186"}],"curies":[{"name":"wp","href":"https:\/\/api.w.org\/{rel}","templated":true}]}}