{"id":2550,"date":"2019-05-22T09:55:39","date_gmt":"2019-05-22T09:55:39","guid":{"rendered":"http:\/\/www.formaticbarcelona.com\/matricula\/"},"modified":"2019-09-04T13:47:33","modified_gmt":"2019-09-04T13:47:33","slug":"matricula","status":"publish","type":"page","link":"https:\/\/www.formaticbarcelona.com\/es\/matricula\/","title":{"rendered":"Matr\u00edcula"},"content":{"rendered":"\n<div class=\"wpcf7 no-js\" id=\"wpcf7-f2667-o1\" lang=\"es-ES\" dir=\"ltr\" data-wpcf7-id=\"2667\">\n<div class=\"screen-reader-response\"><p role=\"status\" aria-live=\"polite\" aria-atomic=\"true\"><\/p> <ul><\/ul><\/div>\n<form action=\"\/es\/wp-json\/wp\/v2\/pages\/2550#wpcf7-f2667-o1\" method=\"post\" class=\"wpcf7-form init\" aria-label=\"Formulario de contacto\" enctype=\"multipart\/form-data\" novalidate=\"novalidate\" data-status=\"init\">\n<fieldset class=\"hidden-fields-container\"><input type=\"hidden\" name=\"_wpcf7\" value=\"2667\" \/><input type=\"hidden\" name=\"_wpcf7_version\" value=\"6.1.5\" \/><input type=\"hidden\" name=\"_wpcf7_locale\" value=\"es_ES\" \/><input type=\"hidden\" name=\"_wpcf7_unit_tag\" value=\"wpcf7-f2667-o1\" \/><input type=\"hidden\" name=\"_wpcf7_container_post\" value=\"0\" \/><input type=\"hidden\" name=\"_wpcf7_posted_data_hash\" value=\"\" \/>\n<\/fieldset>\n<div class=\"title-form\">\n\t<p>Rellena el siguiente formulario para matricularte en los pr\u00f3ximos cursos acad\u00e9micos. Nos pondremos en contacto contigo para formalizar el proceso y confirmar tu inscripci\u00f3n.\n\t<\/p>\n\t<p>Si tienes cualquier duda llama al tel\u00e9fono (93) 215 68 00<br \/>\no escribe un e-mail a <a href=\"mailto:formatic@formaticbarcelona.com\" rel=\"nofollow\">formatic@formaticbarcelona.com<\/a>.\n\t<\/p>\n<\/div>\n<div class=\"informat_title\">\n\t<p>Puedes hacer la inscripci\u00f3n de la matr\u00edcula en l\u00ednea a continuaci\u00f3n\n\t<\/p>\n<\/div>\n<div class=\"informat_form\">\n\t<div class=\"field tres_input\">\n\t\t<p><label class=\"screen-reader-text\" for=\"first-name\">Nombre<\/label><br \/>\n<span class=\"wpcf7-form-control-wrap\" data-name=\"first-name\"><input size=\"40\" maxlength=\"400\" class=\"wpcf7-form-control wpcf7-text wpcf7-validates-as-required\" id=\"first-name\" autocomplete=\"given-name\" aria-required=\"true\" aria-invalid=\"false\" placeholder=\"Nombre\" value=\"\" type=\"text\" name=\"first-name\" \/><\/span>\n\t\t<\/p>\n\t<\/div>\n\t<div class=\"field tres_input\">\n\t\t<p><label class=\"screen-reader-text\" for=\"last-name\">Apellidos<\/label><br \/>\n<span class=\"wpcf7-form-control-wrap\" data-name=\"last-name\"><input size=\"40\" maxlength=\"400\" class=\"wpcf7-form-control wpcf7-text wpcf7-validates-as-required\" id=\"last-name\" autocomplete=\"family-name\" aria-required=\"true\" aria-invalid=\"false\" placeholder=\"Apellidos\" value=\"\" type=\"text\" name=\"last-name\" \/><\/span>\n\t\t<\/p>\n\t<\/div>\n\t<div class=\"field tres_input\">\n\t\t<p><label class=\"screen-reader-text\" for=\"IDInput2\">Fecha de nacimiento<\/label><br \/>\n<span class=\"wpcf7-form-control-wrap\" data-name=\"date-birthday\"><input class=\"wpcf7-form-control wpcf7-date wpcf7-validates-as-required wpcf7-validates-as-date\" id=\"IDInput2\" autocomplete=\"bday\" aria-required=\"true\" aria-invalid=\"false\" placeholder=\"Fecha de nacimiento\" value=\"\" type=\"date\" name=\"date-birthday\" \/><\/span>\n\t\t<\/p>\n\t<\/div>\n\t<div class=\"field dos_input\">\n\t\t<p><label class=\"screen-reader-text\" for=\"email\">Correo electr\u00f3nico<\/label><br \/>\n<span class=\"wpcf7-form-control-wrap\" data-name=\"email\"><input size=\"40\" maxlength=\"400\" class=\"wpcf7-form-control wpcf7-email wpcf7-validates-as-required wpcf7-text wpcf7-validates-as-email\" id=\"email\" autocomplete=\"email\" aria-required=\"true\" aria-invalid=\"false\" placeholder=\"Correo electr\u00f3nico\" value=\"\" type=\"email\" name=\"email\" \/><\/span>\n\t\t<\/p>\n\t<\/div>\n\t<div class=\"field tres_input\">\n\t\t<p><label class=\"screen-reader-text\" for=\"phone\">Tel\u00e9fono<\/label><br \/>\n<span class=\"wpcf7-form-control-wrap\" data-name=\"phone\"><input size=\"40\" maxlength=\"400\" class=\"wpcf7-form-control wpcf7-tel wpcf7-validates-as-required wpcf7-text wpcf7-validates-as-tel\" id=\"phone\" autocomplete=\"tel\" aria-required=\"true\" aria-invalid=\"false\" placeholder=\"Tel\u00e9fono\" value=\"\" type=\"tel\" name=\"phone\" \/><\/span>\n\t\t<\/p>\n\t<\/div>\n\t<div class=\"field dos_input\">\n\t\t<p><label class=\"screen-reader-text\" for=\"address\">Direcci\u00f3n completa<\/label><br \/>\n<span class=\"wpcf7-form-control-wrap\" data-name=\"address\"><textarea cols=\"40\" rows=\"10\" maxlength=\"2000\" class=\"wpcf7-form-control wpcf7-textarea wpcf7-validates-as-required\" id=\"address\" autocomplete=\"street-address\" aria-required=\"true\" aria-invalid=\"false\" placeholder=\"Direcci\u00f3n completa\" name=\"address\"><\/textarea><\/span>\n\t\t<\/p>\n\t<\/div>\n\t<div class=\"field tres_input\">\n\t\t<p><label class=\"screen-reader-text\" for=\"cp\">C\u00f3digo postal<\/label><br \/>\n<span class=\"wpcf7-form-control-wrap\" data-name=\"cp\"><input size=\"40\" maxlength=\"400\" class=\"wpcf7-form-control wpcf7-text wpcf7-validates-as-required\" id=\"cp\" autocomplete=\"postal-code\" aria-required=\"true\" aria-invalid=\"false\" placeholder=\"C\u00f3digo postal\" value=\"\" type=\"text\" name=\"cp\" \/><\/span>\n\t\t<\/p>\n\t<\/div>\n\t<div class=\"field tres_input\">\n\t\t<p><label class=\"screen-reader-text\" for=\"location\">Localidad<\/label><br \/>\n<span class=\"wpcf7-form-control-wrap\" data-name=\"location\"><input size=\"40\" maxlength=\"400\" class=\"wpcf7-form-control wpcf7-text wpcf7-validates-as-required\" id=\"location\" autocomplete=\"address-level2\" aria-required=\"true\" aria-invalid=\"false\" placeholder=\"Localidad\" value=\"\" type=\"text\" name=\"location\" \/><\/span>\n\t\t<\/p>\n\t<\/div>\n\t<div class=\"field tres_input\">\n\t\t<p><label class=\"screen-reader-text\" for=\"province\">Provincia<\/label><br \/>\n<span class=\"wpcf7-form-control-wrap\" data-name=\"province\"><input size=\"40\" maxlength=\"400\" class=\"wpcf7-form-control wpcf7-text wpcf7-validates-as-required\" id=\"province\" autocomplete=\"address-level1\" aria-required=\"true\" aria-invalid=\"false\" placeholder=\"Provincia\" value=\"\" type=\"text\" name=\"province\" \/><\/span>\n\t\t<\/p>\n\t<\/div>\n\t<div class=\"field tres_input\">\n\t\t<p><label class=\"screen-reader-text\" for=\"dni\">DNI \/ PP<\/label><br \/>\n<span class=\"wpcf7-form-control-wrap\" data-name=\"dni\"><input size=\"40\" maxlength=\"400\" class=\"wpcf7-form-control wpcf7-text wpcf7-validates-as-required\" id=\"dni\" aria-required=\"true\" aria-invalid=\"false\" placeholder=\"DNI \/ PP\" value=\"\" type=\"text\" name=\"dni\" \/><\/span>\n\t\t<\/p>\n\t<\/div>\n\t<div class=\"field tres_input field-1\">\n\t\t<p><label class=\"screen-reader-text\" for=\"file-dni\">Adjuntar DNI<\/label><br \/>\n<span class=\"wpcf7-form-control-wrap\" data-name=\"file-dni\"><input size=\"40\" class=\"wpcf7-form-control wpcf7-file\" id=\"file-dni\" accept=\".png,.jpg,.jpeg,.pdf\" aria-invalid=\"false\" type=\"file\" name=\"file-dni\" \/><\/span><br \/>\n<input type=\"button\" id=\"button-file-dni\" value=\"Adjuntar DNI \/ PP\" \/>\n\t\t<\/p>\n\t<\/div>\n\t<div class=\"field dos_input field-2\">\n\t\t<p><span class=\"wpcf7-form-control-wrap\" data-name=\"archive-file-dni\"><input size=\"40\" maxlength=\"400\" class=\"wpcf7-form-control wpcf7-text archive-file-dni\" id=\"archive-file-dni\" aria-invalid=\"false\" value=\"\" type=\"text\" name=\"archive-file-dni\" \/><\/span>\n\t\t<\/p>\n\t<\/div>\n\t<div class=\"field un_input\">\n\t\t<p><label class=\"screen-reader-text\" for=\"applied-studies\">Estudios realizados<\/label><br \/>\n<span class=\"wpcf7-form-control-wrap\" data-name=\"applied-studies\"><textarea cols=\"40\" rows=\"10\" maxlength=\"2000\" class=\"wpcf7-form-control wpcf7-textarea\" id=\"applied-studies\" aria-invalid=\"false\" placeholder=\"Estudios realizados\" name=\"applied-studies\"><\/textarea><\/span>\n\t\t<\/p>\n\t<\/div>\n\t<div style=\"display:none\" class=\"field-small field-1\">\n\t\t<p><span class=\"wpcf7-form-control-wrap\" data-name=\"file-studies\"><input size=\"40\" class=\"wpcf7-form-control wpcf7-file\" id=\"file-studies\" accept=\".rar,.zip,.gzip,.pdf\" aria-invalid=\"false\" type=\"file\" name=\"file-studies\" \/><\/span><br \/>\n<input type=\"button\" id=\"button-file-studies\" value=\"Adjuntar estudios\" \/>\n\t\t<\/p>\n\t<\/div>\n\t<div style=\"display:none\" class=\"field-small field-2\">\n\t\t<p><span class=\"wpcf7-form-control-wrap\" data-name=\"archive-file-studies\"><input size=\"40\" maxlength=\"400\" class=\"wpcf7-form-control wpcf7-text archive-file-studies\" id=\"archive-file-studies\" aria-invalid=\"false\" value=\"\" type=\"text\" name=\"archive-file-studies\" \/><\/span>\n\t\t<\/p>\n\t<\/div>\n\t<div class=\"content-form\">\n\t\t<p>Selecciona qu\u00e9 tipo de estudio quieres\n\t\t<\/p>\n\t<\/div>\n\t<p><span class=\"wpcf7-form-control-wrap\" data-name=\"radio-671\"><span class=\"wpcf7-form-control wpcf7-radio\" id=\"menu_tipos_estudis\"><span class=\"wpcf7-list-item first\"><label><input type=\"radio\" name=\"radio-671\" value=\"Bachelors\" \/><span class=\"wpcf7-list-item-label\">Bachelors<\/span><\/label><\/span><span class=\"wpcf7-list-item\"><label><input type=\"radio\" name=\"radio-671\" value=\"M\u00e0sters Degree de la University of Wales Trinity Saint David\" \/><span class=\"wpcf7-list-item-label\">M\u00e0sters Degree de la University of Wales Trinity Saint David<\/span><\/label><\/span><span class=\"wpcf7-list-item\"><label><input type=\"radio\" name=\"radio-671\" value=\"Ciclos Formativos de Grado Superior\" \/><span class=\"wpcf7-list-item-label\">Ciclos Formativos de Grado Superior<\/span><\/label><\/span><span class=\"wpcf7-list-item last\"><label><input type=\"radio\" name=\"radio-671\" value=\"Diplomas de especializaci\u00f3n\" \/><span class=\"wpcf7-list-item-label\">Diplomas de especializaci\u00f3n<\/span><\/label><\/span><\/span><\/span>\n\t<\/p>\n\t<div class=\"zona_estudis no_curs\">\n\t\t<div class=\"content-form titol_selecciona titol_turisme no_curs\">\n\t\t\t<p>Selecciona un curso del Grado de Turismo\n\t\t\t<\/p>\n\t\t<\/div>\n\t\t<div class=\"content-form titol_selecciona titol_bachelor no_curs\">\n\t\t\t<p>Selecciona el Bachelor y el curso\n\t\t\t<\/p>\n\t\t<\/div>\n\t\t<div class=\"content-form titol_selecciona titol_master no_curs\">\n\t\t\t<p>Selecciona el M\u00e1ster\n\t\t\t<\/p>\n\t\t<\/div>\n\t\t<div class=\"content-form titol_selecciona titol_cicle no_curs\">\n\t\t\t<p>Selecciona el Ciclo Formativo\n\t\t\t<\/p>\n\t\t<\/div>\n\t\t<div class=\"content-form titol_selecciona titol_diploma no_curs\">\n\t\t\t<p>Selecciona el Diploma de Especializaci\u00f3n\n\t\t\t<\/p>\n\t\t<\/div>\n\t\t<div class=\"field un_input\">\n\t\t\t<p><label class=\"screen-reader-text\" for=\"menu-studies\">Estudio<\/label><br \/>\n<span class=\"wpcf7-form-control-wrap\" data-name=\"menu-studies\"><select class=\"wpcf7-form-control wpcf7-select wpcf7-validates-as-required\" id=\"menu-studies\" aria-required=\"true\" aria-invalid=\"false\" name=\"menu-studies\"><option value=\"\">&#8212;Por favor, elige una opci\u00f3n&#8212;<\/option><\/select><\/span>\n\t\t\t<\/p>\n\t\t<\/div>\n\t\t<div class=\"field un_input\">\n\t\t\t<p><label class=\"screen-reader-text\" for=\"menu-course\">Curso<\/label><br \/>\n<span class=\"wpcf7-form-control-wrap\" data-name=\"menu-course\"><select class=\"wpcf7-form-control wpcf7-select wpcf7-validates-as-required\" id=\"menu-course\" aria-required=\"true\" aria-invalid=\"false\" name=\"menu-course\"><option value=\"\">&#8212;Por favor, elige una opci\u00f3n&#8212;<\/option><\/select><\/span>\n\t\t\t<\/p>\n\t\t<\/div>\n\t\t<div class=\"field-medium\" style=\"display:none\">\n\t\t\t<p><span class=\"wpcf7-form-control-wrap\" data-name=\"menu-payment-method\"><select class=\"wpcf7-form-control wpcf7-select\" id=\"menu-payment-method\" aria-invalid=\"false\" name=\"menu-payment-method\"><option value=\"\">&#8212;Por favor, elige una opci\u00f3n&#8212;<\/option><\/select><\/span>\n\t\t\t<\/p>\n\t\t<\/div>\n\t\t<div class=\"content-form\">\n\t\t\t<p>Modalidad de pago\n\t\t\t<\/p>\n\t\t<\/div>\n\t\t<p><span class=\"wpcf7-form-control-wrap\" data-name=\"radio-183\"><span class=\"wpcf7-form-control wpcf7-radio\" id=\"menu-pay\"><span class=\"wpcf7-list-item first\"><label><input type=\"radio\" name=\"radio-183\" value=\"Al contado\" \/><span class=\"wpcf7-list-item-label\">Al contado<\/span><\/label><\/span><span class=\"wpcf7-list-item\"><label><input type=\"radio\" name=\"radio-183\" value=\"Domiciliado: 4 meses\" \/><span class=\"wpcf7-list-item-label\">Domiciliado: 4 meses<\/span><\/label><\/span><span class=\"wpcf7-list-item\"><label><input type=\"radio\" name=\"radio-183\" value=\"Domiciliado: 8 meses\" \/><span class=\"wpcf7-list-item-label\">Domiciliado: 8 meses<\/span><\/label><\/span><span class=\"wpcf7-list-item\"><label><input type=\"radio\" name=\"radio-183\" value=\"Domiciliado: 9 meses\" \/><span class=\"wpcf7-list-item-label\">Domiciliado: 9 meses<\/span><\/label><\/span><span class=\"wpcf7-list-item\"><label><input type=\"radio\" name=\"radio-183\" value=\"Domiciliado: 10 meses\" \/><span class=\"wpcf7-list-item-label\">Domiciliado: 10 meses<\/span><\/label><\/span><span class=\"wpcf7-list-item last\"><label><input type=\"radio\" name=\"radio-183\" value=\"Domiciliado: 12 meses\" \/><span class=\"wpcf7-list-item-label\">Domiciliado: 12 meses<\/span><\/label><\/span><\/span><\/span>\n\t\t<\/p>\n\t<\/div>\n\t<div class=\"content-form\">\n\t\t<p>Puedes a\u00f1adir tus comentarios para facilitar la consulta\n\t\t<\/p>\n\t<\/div>\n\t<div class=\"field un_input textarea\">\n\t\t<p><label class=\"screen-reader-text\" for=\"message\">Mensaje<\/label><br \/>\n<span class=\"wpcf7-form-control-wrap\" data-name=\"message\"><textarea cols=\"40\" rows=\"10\" maxlength=\"2000\" class=\"wpcf7-form-control wpcf7-textarea\" id=\"message\" aria-invalid=\"false\" placeholder=\"Escribe aqu\u00ed (m\u00e1ximo 300 caracteres)\" name=\"message\"><\/textarea><\/span>\n\t\t<\/p>\n\t<\/div>\n<input class=\"wpcf7-form-control wpcf7-hidden price-register\" id=\"price-register\" value=\"300\" type=\"hidden\" name=\"price-register\" \/>\n<input class=\"wpcf7-form-control wpcf7-hidden send-register\" id=\"send-register\" value=\"1\" type=\"hidden\" name=\"send-register\" \/>\n\t<div class=\"col-full\">\n\t\t<div class=\"field-acceptance\">\n\t\t\t<p><span class=\"wpcf7-form-control-wrap\" data-name=\"acceptance-policy\"><span class=\"wpcf7-form-control wpcf7-acceptance\"><span class=\"wpcf7-list-item\"><input type=\"checkbox\" name=\"acceptance-policy\" value=\"1\" aria-invalid=\"false\" \/><\/span><\/span><\/span>Consiento el uso de mis datos para las finalidades indicadas en la pol\u00edtica de privacidad \"<u><a href=\"http:\/\/www.formaticbarcelona.com\/es\/aviso-legal\/\" target=\"_blank\">Aviso legal<\/a><\/u>\"\n\t\t\t<\/p>\n\t\t<\/div>\n\t\t<div class=\"field-recaptcha\">\n\t\t\t<p>Este sitio est\u00e1 protegido por reCAPTCHA y se aplican la <a href=\"https:\/\/policies.google.com\/privacy\" target=\"_blank\">Pol\u00edtica de privacidad<\/a> de Google y las <a href=\"https:\/\/policies.google.com\/terms\" target=\"_blank\">Condiciones del servicio<\/a>.<span id=\"wpcf7-69ff08df477c1-wrapper\" class=\"wpcf7-form-control-wrap your-name-wrap\" style=\"display:none !important; visibility:hidden !important;\"><label for=\"wpcf7-69ff08df477c1-field\" class=\"hp-message\">Por favor, deja este campo vac\u00edo.<\/label><input id=\"wpcf7-69ff08df477c1-field\"  class=\"wpcf7-form-control wpcf7-text\" type=\"text\" name=\"your-name\" value=\"\" size=\"40\" tabindex=\"-1\" autocomplete=\"new-password\" \/><\/span>\n\t\t\t<\/p>\n\t\t<\/div>\n\t<\/div>\n\t<div class=\"field-submit\">\n\t\t<div class=\"nav-submit\">\n\t\t<\/div>\n\t\t<p><input class=\"wpcf7-form-control wpcf7-submit has-spinner\" type=\"submit\" value=\"Efectuar pago\" \/>\n\t\t<\/p>\n\t<\/div>\n<\/div><div class=\"wpcf7-response-output\" aria-hidden=\"true\"><\/div>\n<\/form>\n<\/div>\n\n","protected":false},"excerpt":{"rendered":"","protected":false},"author":1,"featured_media":0,"parent":0,"menu_order":7,"comment_status":"closed","ping_status":"closed","template":"","meta":{"_acf_changed":false,"footnotes":""},"class_list":["post-2550","page","type-page","status-publish","hentry"],"acf":[],"yoast_head":"<!-- This site is optimized with the Yoast SEO plugin v27.5 - https:\/\/yoast.com\/product\/yoast-seo-wordpress\/ -->\n<title>Matr\u00edcula | Escuela Universitaria Formatic Barcelona<\/title>\n<meta name=\"robots\" content=\"index, follow, max-snippet:-1, max-image-preview:large, max-video-preview:-1\" \/>\n<link rel=\"canonical\" href=\"https:\/\/www.formaticbarcelona.com\/es\/matricula\/\" \/>\n<meta property=\"og:locale\" content=\"es_ES\" \/>\n<meta property=\"og:type\" content=\"article\" \/>\n<meta property=\"og:title\" content=\"Matr\u00edcula | Escuela Universitaria Formatic Barcelona\" \/>\n<meta property=\"og:url\" content=\"https:\/\/www.formaticbarcelona.com\/es\/matricula\/\" \/>\n<meta property=\"og:site_name\" content=\"Escuela Universitaria Formatic Barcelona\" \/>\n<meta property=\"article:publisher\" content=\"https:\/\/www.facebook.com\/escola.barna\" \/>\n<meta property=\"article:modified_time\" content=\"2019-09-04T13:47:33+00:00\" \/>\n<meta name=\"twitter:card\" content=\"summary_large_image\" \/>\n<meta name=\"twitter:site\" content=\"@formaticbarna\" \/>\n<script type=\"application\/ld+json\" class=\"yoast-schema-graph\">{\"@context\":\"https:\\\/\\\/schema.org\",\"@graph\":[{\"@type\":\"WebPage\",\"@id\":\"https:\\\/\\\/www.formaticbarcelona.com\\\/es\\\/matricula\\\/\",\"url\":\"https:\\\/\\\/www.formaticbarcelona.com\\\/es\\\/matricula\\\/\",\"name\":\"Matr\u00edcula | Escuela Universitaria Formatic Barcelona\",\"isPartOf\":{\"@id\":\"https:\\\/\\\/www.formaticbarcelona.com\\\/es\\\/#website\"},\"datePublished\":\"2019-05-22T09:55:39+00:00\",\"dateModified\":\"2019-09-04T13:47:33+00:00\",\"breadcrumb\":{\"@id\":\"https:\\\/\\\/www.formaticbarcelona.com\\\/es\\\/matricula\\\/#breadcrumb\"},\"inLanguage\":\"es\",\"potentialAction\":[{\"@type\":\"ReadAction\",\"target\":[\"https:\\\/\\\/www.formaticbarcelona.com\\\/es\\\/matricula\\\/\"]}]},{\"@type\":\"BreadcrumbList\",\"@id\":\"https:\\\/\\\/www.formaticbarcelona.com\\\/es\\\/matricula\\\/#breadcrumb\",\"itemListElement\":[{\"@type\":\"ListItem\",\"position\":1,\"name\":\"Portada\",\"item\":\"https:\\\/\\\/www.formaticbarcelona.com\\\/es\\\/\"},{\"@type\":\"ListItem\",\"position\":2,\"name\":\"Matr\u00edcula\"}]},{\"@type\":\"WebSite\",\"@id\":\"https:\\\/\\\/www.formaticbarcelona.com\\\/es\\\/#website\",\"url\":\"https:\\\/\\\/www.formaticbarcelona.com\\\/es\\\/\",\"name\":\"Escuela Universitaria Formatic Barcelona\",\"description\":\"Estudios de Grado y Dobles Grados \u2013 M\u00e1ster \u2013 Ciclos Formativos de Grado Superior \u2013 Cursos de Tripulante de Cabina de Pasajeros en Barcelona y de Azafatas de Vuelo\",\"potentialAction\":[{\"@type\":\"SearchAction\",\"target\":{\"@type\":\"EntryPoint\",\"urlTemplate\":\"https:\\\/\\\/www.formaticbarcelona.com\\\/es\\\/?s={search_term_string}\"},\"query-input\":{\"@type\":\"PropertyValueSpecification\",\"valueRequired\":true,\"valueName\":\"search_term_string\"}}],\"inLanguage\":\"es\"}]}<\/script>\n<!-- \/ Yoast SEO plugin. -->","yoast_head_json":{"title":"Matr\u00edcula | Escuela Universitaria Formatic Barcelona","robots":{"index":"index","follow":"follow","max-snippet":"max-snippet:-1","max-image-preview":"max-image-preview:large","max-video-preview":"max-video-preview:-1"},"canonical":"https:\/\/www.formaticbarcelona.com\/es\/matricula\/","og_locale":"es_ES","og_type":"article","og_title":"Matr\u00edcula | Escuela Universitaria Formatic Barcelona","og_url":"https:\/\/www.formaticbarcelona.com\/es\/matricula\/","og_site_name":"Escuela Universitaria Formatic Barcelona","article_publisher":"https:\/\/www.facebook.com\/escola.barna","article_modified_time":"2019-09-04T13:47:33+00:00","twitter_card":"summary_large_image","twitter_site":"@formaticbarna","schema":{"@context":"https:\/\/schema.org","@graph":[{"@type":"WebPage","@id":"https:\/\/www.formaticbarcelona.com\/es\/matricula\/","url":"https:\/\/www.formaticbarcelona.com\/es\/matricula\/","name":"Matr\u00edcula | Escuela Universitaria Formatic Barcelona","isPartOf":{"@id":"https:\/\/www.formaticbarcelona.com\/es\/#website"},"datePublished":"2019-05-22T09:55:39+00:00","dateModified":"2019-09-04T13:47:33+00:00","breadcrumb":{"@id":"https:\/\/www.formaticbarcelona.com\/es\/matricula\/#breadcrumb"},"inLanguage":"es","potentialAction":[{"@type":"ReadAction","target":["https:\/\/www.formaticbarcelona.com\/es\/matricula\/"]}]},{"@type":"BreadcrumbList","@id":"https:\/\/www.formaticbarcelona.com\/es\/matricula\/#breadcrumb","itemListElement":[{"@type":"ListItem","position":1,"name":"Portada","item":"https:\/\/www.formaticbarcelona.com\/es\/"},{"@type":"ListItem","position":2,"name":"Matr\u00edcula"}]},{"@type":"WebSite","@id":"https:\/\/www.formaticbarcelona.com\/es\/#website","url":"https:\/\/www.formaticbarcelona.com\/es\/","name":"Escuela Universitaria Formatic Barcelona","description":"Estudios de Grado y Dobles Grados \u2013 M\u00e1ster \u2013 Ciclos Formativos de Grado Superior \u2013 Cursos de Tripulante de Cabina de Pasajeros en Barcelona y de Azafatas de Vuelo","potentialAction":[{"@type":"SearchAction","target":{"@type":"EntryPoint","urlTemplate":"https:\/\/www.formaticbarcelona.com\/es\/?s={search_term_string}"},"query-input":{"@type":"PropertyValueSpecification","valueRequired":true,"valueName":"search_term_string"}}],"inLanguage":"es"}]}},"_links":{"self":[{"href":"https:\/\/www.formaticbarcelona.com\/es\/wp-json\/wp\/v2\/pages\/2550","targetHints":{"allow":["GET"]}}],"collection":[{"href":"https:\/\/www.formaticbarcelona.com\/es\/wp-json\/wp\/v2\/pages"}],"about":[{"href":"https:\/\/www.formaticbarcelona.com\/es\/wp-json\/wp\/v2\/types\/page"}],"author":[{"embeddable":true,"href":"https:\/\/www.formaticbarcelona.com\/es\/wp-json\/wp\/v2\/users\/1"}],"replies":[{"embeddable":true,"href":"https:\/\/www.formaticbarcelona.com\/es\/wp-json\/wp\/v2\/comments?post=2550"}],"version-history":[{"count":2,"href":"https:\/\/www.formaticbarcelona.com\/es\/wp-json\/wp\/v2\/pages\/2550\/revisions"}],"predecessor-version":[{"id":2730,"href":"https:\/\/www.formaticbarcelona.com\/es\/wp-json\/wp\/v2\/pages\/2550\/revisions\/2730"}],"wp:attachment":[{"href":"https:\/\/www.formaticbarcelona.com\/es\/wp-json\/wp\/v2\/media?parent=2550"}],"curies":[{"name":"wp","href":"https:\/\/api.w.org\/{rel}","templated":true}]}}