{"id":8107,"date":"2026-02-23T10:35:33","date_gmt":"2026-02-23T10:35:33","guid":{"rendered":"https:\/\/www.formaticbarcelona.com\/campus\/recerca\/"},"modified":"2026-03-04T08:28:39","modified_gmt":"2026-03-04T08:28:39","slug":"investigacion","status":"publish","type":"page","link":"https:\/\/www.formaticbarcelona.com\/es\/campus\/investigacion\/","title":{"rendered":"Investigaci\u00f3n"},"content":{"rendered":"<p>Formatic Barcelona cuenta con 3 departamentos acad\u00e9micos que velan por la coordinaci\u00f3n de las titulaciones y de los trabajos de fin de carrera y que, al mismo tiempo, impulsan la investigaci\u00f3n, la innovaci\u00f3n docente y la transferencia del conocimiento.<br \/>\nEstos 3 departamentos son:<\/p>\n<ul>\n<li>Departamento de Ciencias Sociales y Turismo<\/li>\n<li>Departamento de Ciencias Empresariales y Jur\u00eddicas<\/li>\n<li>Departamento de Ciencias de la Comunicaci\u00f3n y el Marketing<\/li>\n<\/ul>\n<p>Cabe destacar tambi\u00e9n que Formatic Barcelona cuenta con 2 grupos de investigaci\u00f3n:<\/p>\n<ul>\n<li>Grupo de Investigaci\u00f3n para el An\u00e1lisis y la Planificaci\u00f3n del Turismo (GREPAT)<\/li>\n<li>Grupo de Investigaci\u00f3n en Newsmaking-Mix<\/li>\n<\/ul>\n<p>Cada miembro del PDI (Personal Docente e Investigador) de Formatic Barcelona est\u00e1 adscrito a uno de los departamentos acad\u00e9micos instituidos y, al mismo tiempo, est\u00e1 integrado en uno de los grupos de investigaci\u00f3n que dependen de los responsables del departamento correspondiente.<\/p>\n<p>Formatic Barcelona cuenta con un coordinador general del \u00e1rea de investigaci\u00f3n encargado, entre otras funciones, de impulsar convenios y proyectos de investigaci\u00f3n y de transferencia del conocimiento con otras administraciones e instituciones acad\u00e9micas tanto nacionales como internacionales.<\/p>\n","protected":false},"excerpt":{"rendered":"<p>Formatic Barcelona cuenta con 3 departamentos acad\u00e9micos que velan por la coordinaci\u00f3n de las titulaciones y de los trabajos de fin de carrera y que, al mismo tiempo, impulsan la investigaci\u00f3n, la innovaci\u00f3n docente y la transferencia del conocimiento. Estos 3 departamentos son: Departamento de Ciencias Sociales y Turismo Departamento de Ciencias Empresariales y Jur\u00eddicas [&hellip;]<\/p>\n","protected":false},"author":1,"featured_media":0,"parent":31,"menu_order":4,"comment_status":"closed","ping_status":"closed","template":"basic.php","meta":{"footnotes":""},"class_list":["post-8107","page","type-page","status-publish","hentry"],"yoast_head":"<!-- This site is optimized with the Yoast SEO plugin v24.8.1 - https:\/\/yoast.com\/wordpress\/plugins\/seo\/ -->\n<title>Investigaci\u00f3n | Escuela Universitaria Formatic Barcelona<\/title>\n<meta name=\"robots\" content=\"index, follow, max-snippet:-1, max-image-preview:large, max-video-preview:-1\" \/>\n<link rel=\"canonical\" href=\"https:\/\/www.formaticbarcelona.com\/es\/campus\/investigacion\/\" \/>\n<meta property=\"og:locale\" content=\"es_ES\" \/>\n<meta property=\"og:type\" content=\"article\" \/>\n<meta property=\"og:title\" content=\"Investigaci\u00f3n | Escuela Universitaria Formatic Barcelona\" \/>\n<meta property=\"og:description\" content=\"Formatic Barcelona cuenta con 3 departamentos acad\u00e9micos que velan por la coordinaci\u00f3n de las titulaciones y de los trabajos de fin de carrera y que, al mismo tiempo, impulsan la investigaci\u00f3n, la innovaci\u00f3n docente y la transferencia del conocimiento. Estos 3 departamentos son: Departamento de Ciencias Sociales y Turismo Departamento de Ciencias Empresariales y Jur\u00eddicas [&hellip;]\" \/>\n<meta property=\"og:url\" content=\"https:\/\/www.formaticbarcelona.com\/es\/campus\/investigacion\/\" \/>\n<meta property=\"og:site_name\" content=\"Escuela Universitaria Formatic Barcelona\" \/>\n<meta property=\"article:publisher\" content=\"https:\/\/www.facebook.com\/escola.barna\" \/>\n<meta property=\"article:modified_time\" content=\"2026-03-04T08:28:39+00:00\" \/>\n<meta name=\"twitter:card\" content=\"summary_large_image\" \/>\n<meta name=\"twitter:site\" content=\"@formaticbarna\" \/>\n<meta name=\"twitter:label1\" content=\"Tiempo de lectura\" \/>\n\t<meta name=\"twitter:data1\" content=\"1 minuto\" \/>\n<script type=\"application\/ld+json\" class=\"yoast-schema-graph\">{\"@context\":\"https:\/\/schema.org\",\"@graph\":[{\"@type\":\"WebPage\",\"@id\":\"https:\/\/www.formaticbarcelona.com\/es\/campus\/investigacion\/\",\"url\":\"https:\/\/www.formaticbarcelona.com\/es\/campus\/investigacion\/\",\"name\":\"Investigaci\u00f3n | Escuela Universitaria Formatic Barcelona\",\"isPartOf\":{\"@id\":\"https:\/\/www.formaticbarcelona.com\/es\/#website\"},\"datePublished\":\"2026-02-23T10:35:33+00:00\",\"dateModified\":\"2026-03-04T08:28:39+00:00\",\"breadcrumb\":{\"@id\":\"https:\/\/www.formaticbarcelona.com\/es\/campus\/investigacion\/#breadcrumb\"},\"inLanguage\":\"es\",\"potentialAction\":[{\"@type\":\"ReadAction\",\"target\":[\"https:\/\/www.formaticbarcelona.com\/es\/campus\/investigacion\/\"]}]},{\"@type\":\"BreadcrumbList\",\"@id\":\"https:\/\/www.formaticbarcelona.com\/es\/campus\/investigacion\/#breadcrumb\",\"itemListElement\":[{\"@type\":\"ListItem\",\"position\":1,\"name\":\"Portada\",\"item\":\"https:\/\/www.formaticbarcelona.com\/es\/\"},{\"@type\":\"ListItem\",\"position\":2,\"name\":\"Campus\",\"item\":\"https:\/\/www.formaticbarcelona.com\/es\/campus\/\"},{\"@type\":\"ListItem\",\"position\":3,\"name\":\"Investigaci\u00f3n\"}]},{\"@type\":\"WebSite\",\"@id\":\"https:\/\/www.formaticbarcelona.com\/es\/#website\",\"url\":\"https:\/\/www.formaticbarcelona.com\/es\/\",\"name\":\"Escuela Universitaria Formatic Barcelona\",\"description\":\"Estudios de Grado y Dobles Grados \u2013 M\u00e1ster \u2013 Ciclos Formativos de Grado Superior \u2013 Cursos de Tripulante de Cabina de Pasajeros en Barcelona y de Azafatas de Vuelo\",\"potentialAction\":[{\"@type\":\"SearchAction\",\"target\":{\"@type\":\"EntryPoint\",\"urlTemplate\":\"https:\/\/www.formaticbarcelona.com\/es\/?s={search_term_string}\"},\"query-input\":{\"@type\":\"PropertyValueSpecification\",\"valueRequired\":true,\"valueName\":\"search_term_string\"}}],\"inLanguage\":\"es\"}]}<\/script>\n<!-- \/ Yoast SEO plugin. -->","yoast_head_json":{"title":"Investigaci\u00f3n | Escuela Universitaria Formatic Barcelona","robots":{"index":"index","follow":"follow","max-snippet":"max-snippet:-1","max-image-preview":"max-image-preview:large","max-video-preview":"max-video-preview:-1"},"canonical":"https:\/\/www.formaticbarcelona.com\/es\/campus\/investigacion\/","og_locale":"es_ES","og_type":"article","og_title":"Investigaci\u00f3n | Escuela Universitaria Formatic Barcelona","og_description":"Formatic Barcelona cuenta con 3 departamentos acad\u00e9micos que velan por la coordinaci\u00f3n de las titulaciones y de los trabajos de fin de carrera y que, al mismo tiempo, impulsan la investigaci\u00f3n, la innovaci\u00f3n docente y la transferencia del conocimiento. Estos 3 departamentos son: Departamento de Ciencias Sociales y Turismo Departamento de Ciencias Empresariales y Jur\u00eddicas [&hellip;]","og_url":"https:\/\/www.formaticbarcelona.com\/es\/campus\/investigacion\/","og_site_name":"Escuela Universitaria Formatic Barcelona","article_publisher":"https:\/\/www.facebook.com\/escola.barna","article_modified_time":"2026-03-04T08:28:39+00:00","twitter_card":"summary_large_image","twitter_site":"@formaticbarna","twitter_misc":{"Tiempo de lectura":"1 minuto"},"schema":{"@context":"https:\/\/schema.org","@graph":[{"@type":"WebPage","@id":"https:\/\/www.formaticbarcelona.com\/es\/campus\/investigacion\/","url":"https:\/\/www.formaticbarcelona.com\/es\/campus\/investigacion\/","name":"Investigaci\u00f3n | Escuela Universitaria Formatic Barcelona","isPartOf":{"@id":"https:\/\/www.formaticbarcelona.com\/es\/#website"},"datePublished":"2026-02-23T10:35:33+00:00","dateModified":"2026-03-04T08:28:39+00:00","breadcrumb":{"@id":"https:\/\/www.formaticbarcelona.com\/es\/campus\/investigacion\/#breadcrumb"},"inLanguage":"es","potentialAction":[{"@type":"ReadAction","target":["https:\/\/www.formaticbarcelona.com\/es\/campus\/investigacion\/"]}]},{"@type":"BreadcrumbList","@id":"https:\/\/www.formaticbarcelona.com\/es\/campus\/investigacion\/#breadcrumb","itemListElement":[{"@type":"ListItem","position":1,"name":"Portada","item":"https:\/\/www.formaticbarcelona.com\/es\/"},{"@type":"ListItem","position":2,"name":"Campus","item":"https:\/\/www.formaticbarcelona.com\/es\/campus\/"},{"@type":"ListItem","position":3,"name":"Investigaci\u00f3n"}]},{"@type":"WebSite","@id":"https:\/\/www.formaticbarcelona.com\/es\/#website","url":"https:\/\/www.formaticbarcelona.com\/es\/","name":"Escuela Universitaria Formatic Barcelona","description":"Estudios de Grado y Dobles Grados \u2013 M\u00e1ster \u2013 Ciclos Formativos de Grado Superior \u2013 Cursos de Tripulante de Cabina de Pasajeros en Barcelona y de Azafatas de Vuelo","potentialAction":[{"@type":"SearchAction","target":{"@type":"EntryPoint","urlTemplate":"https:\/\/www.formaticbarcelona.com\/es\/?s={search_term_string}"},"query-input":{"@type":"PropertyValueSpecification","valueRequired":true,"valueName":"search_term_string"}}],"inLanguage":"es"}]}},"_links":{"self":[{"href":"https:\/\/www.formaticbarcelona.com\/es\/wp-json\/wp\/v2\/pages\/8107","targetHints":{"allow":["GET"]}}],"collection":[{"href":"https:\/\/www.formaticbarcelona.com\/es\/wp-json\/wp\/v2\/pages"}],"about":[{"href":"https:\/\/www.formaticbarcelona.com\/es\/wp-json\/wp\/v2\/types\/page"}],"author":[{"embeddable":true,"href":"https:\/\/www.formaticbarcelona.com\/es\/wp-json\/wp\/v2\/users\/1"}],"replies":[{"embeddable":true,"href":"https:\/\/www.formaticbarcelona.com\/es\/wp-json\/wp\/v2\/comments?post=8107"}],"version-history":[{"count":2,"href":"https:\/\/www.formaticbarcelona.com\/es\/wp-json\/wp\/v2\/pages\/8107\/revisions"}],"predecessor-version":[{"id":8109,"href":"https:\/\/www.formaticbarcelona.com\/es\/wp-json\/wp\/v2\/pages\/8107\/revisions\/8109"}],"up":[{"embeddable":true,"href":"https:\/\/www.formaticbarcelona.com\/es\/wp-json\/wp\/v2\/pages\/31"}],"wp:attachment":[{"href":"https:\/\/www.formaticbarcelona.com\/es\/wp-json\/wp\/v2\/media?parent=8107"}],"curies":[{"name":"wp","href":"https:\/\/api.w.org\/{rel}","templated":true}]}}