{"id":8134,"date":"2026-03-05T12:58:41","date_gmt":"2026-03-05T12:58:41","guid":{"rendered":"https:\/\/www.formaticbarcelona.com\/accessibilitat\/"},"modified":"2026-03-05T13:00:09","modified_gmt":"2026-03-05T13:00:09","slug":"accesibilidad","status":"publish","type":"page","link":"https:\/\/www.formaticbarcelona.com\/es\/accesibilidad\/","title":{"rendered":"Accessibilidad"},"content":{"rendered":"<p>Se deja constancia de que actualmente se est\u00e1n llevando a cabo las acciones y actuaciones necesarias para obtener el correspondiente certificado de accesibilidad, de acuerdo con la normativa vigente. Este proceso incluye la revisi\u00f3n, adecuaci\u00f3n e implementaci\u00f3n de las medidas t\u00e9cnicas requeridas para garantizar el cumplimiento de los criterios de accesibilidad establecidos.<\/p>\n<p>Puedes descargar a continuaci\u00f3n:<\/p>\n<ul>\n<li><a href=\"https:\/\/www.formaticbarcelona.com\/wp-content\/uploads\/2026\/03\/TWA2026001FORMATICBARNACP.pdf\">Acreditaci\u00f3n parcial de accesibilidad<\/a><\/li>\n<li><a href=\"https:\/\/www.formaticbarcelona.com\/wp-content\/uploads\/2026\/03\/formaticbarcelona.cat-Informe-Revision-Accesibilidad-Sitios-web.xlsx\">Tabla de revisi\u00f3n de accesibilidad<\/a><\/li>\n<li><a href=\"https:\/\/www.formaticbarcelona.com\/wp-content\/uploads\/2026\/03\/Declaracion-de-accesibilidad.pdf\">Declaraci\u00f3n de accesibilidad<\/a><\/li>\n<\/ul>\n","protected":false},"excerpt":{"rendered":"<p>Se deja constancia de que actualmente se est\u00e1n llevando a cabo las acciones y actuaciones necesarias para obtener el correspondiente certificado de accesibilidad, de acuerdo con la normativa vigente. Este proceso incluye la revisi\u00f3n, adecuaci\u00f3n e implementaci\u00f3n de las medidas t\u00e9cnicas requeridas para garantizar el cumplimiento de los criterios de accesibilidad establecidos. Puedes descargar a [&hellip;]<\/p>\n","protected":false},"author":1,"featured_media":0,"parent":0,"menu_order":0,"comment_status":"closed","ping_status":"closed","template":"basic.php","meta":{"footnotes":""},"class_list":["post-8134","page","type-page","status-publish","hentry"],"yoast_head":"<!-- This site is optimized with the Yoast SEO plugin v24.8.1 - https:\/\/yoast.com\/wordpress\/plugins\/seo\/ -->\n<title>Accessibilidad | Escuela Universitaria Formatic Barcelona<\/title>\n<meta name=\"robots\" content=\"index, follow, max-snippet:-1, max-image-preview:large, max-video-preview:-1\" \/>\n<link rel=\"canonical\" href=\"https:\/\/www.formaticbarcelona.com\/es\/accesibilidad\/\" \/>\n<meta property=\"og:locale\" content=\"es_ES\" \/>\n<meta property=\"og:type\" content=\"article\" \/>\n<meta property=\"og:title\" content=\"Accessibilidad | Escuela Universitaria Formatic Barcelona\" \/>\n<meta property=\"og:description\" content=\"Se deja constancia de que actualmente se est\u00e1n llevando a cabo las acciones y actuaciones necesarias para obtener el correspondiente certificado de accesibilidad, de acuerdo con la normativa vigente. Este proceso incluye la revisi\u00f3n, adecuaci\u00f3n e implementaci\u00f3n de las medidas t\u00e9cnicas requeridas para garantizar el cumplimiento de los criterios de accesibilidad establecidos. Puedes descargar a [&hellip;]\" \/>\n<meta property=\"og:url\" content=\"https:\/\/www.formaticbarcelona.com\/es\/accesibilidad\/\" \/>\n<meta property=\"og:site_name\" content=\"Escuela Universitaria Formatic Barcelona\" \/>\n<meta property=\"article:publisher\" content=\"https:\/\/www.facebook.com\/escola.barna\" \/>\n<meta property=\"article:modified_time\" content=\"2026-03-05T13:00:09+00:00\" \/>\n<meta name=\"twitter:card\" content=\"summary_large_image\" \/>\n<meta name=\"twitter:site\" content=\"@formaticbarna\" \/>\n<meta name=\"twitter:label1\" content=\"Tiempo de lectura\" \/>\n\t<meta name=\"twitter:data1\" content=\"1 minuto\" \/>\n<script type=\"application\/ld+json\" class=\"yoast-schema-graph\">{\"@context\":\"https:\/\/schema.org\",\"@graph\":[{\"@type\":\"WebPage\",\"@id\":\"https:\/\/www.formaticbarcelona.com\/es\/accesibilidad\/\",\"url\":\"https:\/\/www.formaticbarcelona.com\/es\/accesibilidad\/\",\"name\":\"Accessibilidad | Escuela Universitaria Formatic Barcelona\",\"isPartOf\":{\"@id\":\"https:\/\/www.formaticbarcelona.com\/es\/#website\"},\"datePublished\":\"2026-03-05T12:58:41+00:00\",\"dateModified\":\"2026-03-05T13:00:09+00:00\",\"breadcrumb\":{\"@id\":\"https:\/\/www.formaticbarcelona.com\/es\/accesibilidad\/#breadcrumb\"},\"inLanguage\":\"es\",\"potentialAction\":[{\"@type\":\"ReadAction\",\"target\":[\"https:\/\/www.formaticbarcelona.com\/es\/accesibilidad\/\"]}]},{\"@type\":\"BreadcrumbList\",\"@id\":\"https:\/\/www.formaticbarcelona.com\/es\/accesibilidad\/#breadcrumb\",\"itemListElement\":[{\"@type\":\"ListItem\",\"position\":1,\"name\":\"Portada\",\"item\":\"https:\/\/www.formaticbarcelona.com\/es\/\"},{\"@type\":\"ListItem\",\"position\":2,\"name\":\"Accessibilidad\"}]},{\"@type\":\"WebSite\",\"@id\":\"https:\/\/www.formaticbarcelona.com\/es\/#website\",\"url\":\"https:\/\/www.formaticbarcelona.com\/es\/\",\"name\":\"Escuela Universitaria Formatic Barcelona\",\"description\":\"Estudios de Grado y Dobles Grados \u2013 M\u00e1ster \u2013 Ciclos Formativos de Grado Superior \u2013 Cursos de Tripulante de Cabina de Pasajeros en Barcelona y de Azafatas de Vuelo\",\"potentialAction\":[{\"@type\":\"SearchAction\",\"target\":{\"@type\":\"EntryPoint\",\"urlTemplate\":\"https:\/\/www.formaticbarcelona.com\/es\/?s={search_term_string}\"},\"query-input\":{\"@type\":\"PropertyValueSpecification\",\"valueRequired\":true,\"valueName\":\"search_term_string\"}}],\"inLanguage\":\"es\"}]}<\/script>\n<!-- \/ Yoast SEO plugin. -->","yoast_head_json":{"title":"Accessibilidad | Escuela Universitaria Formatic Barcelona","robots":{"index":"index","follow":"follow","max-snippet":"max-snippet:-1","max-image-preview":"max-image-preview:large","max-video-preview":"max-video-preview:-1"},"canonical":"https:\/\/www.formaticbarcelona.com\/es\/accesibilidad\/","og_locale":"es_ES","og_type":"article","og_title":"Accessibilidad | Escuela Universitaria Formatic Barcelona","og_description":"Se deja constancia de que actualmente se est\u00e1n llevando a cabo las acciones y actuaciones necesarias para obtener el correspondiente certificado de accesibilidad, de acuerdo con la normativa vigente. Este proceso incluye la revisi\u00f3n, adecuaci\u00f3n e implementaci\u00f3n de las medidas t\u00e9cnicas requeridas para garantizar el cumplimiento de los criterios de accesibilidad establecidos. Puedes descargar a [&hellip;]","og_url":"https:\/\/www.formaticbarcelona.com\/es\/accesibilidad\/","og_site_name":"Escuela Universitaria Formatic Barcelona","article_publisher":"https:\/\/www.facebook.com\/escola.barna","article_modified_time":"2026-03-05T13:00:09+00:00","twitter_card":"summary_large_image","twitter_site":"@formaticbarna","twitter_misc":{"Tiempo de lectura":"1 minuto"},"schema":{"@context":"https:\/\/schema.org","@graph":[{"@type":"WebPage","@id":"https:\/\/www.formaticbarcelona.com\/es\/accesibilidad\/","url":"https:\/\/www.formaticbarcelona.com\/es\/accesibilidad\/","name":"Accessibilidad | Escuela Universitaria Formatic Barcelona","isPartOf":{"@id":"https:\/\/www.formaticbarcelona.com\/es\/#website"},"datePublished":"2026-03-05T12:58:41+00:00","dateModified":"2026-03-05T13:00:09+00:00","breadcrumb":{"@id":"https:\/\/www.formaticbarcelona.com\/es\/accesibilidad\/#breadcrumb"},"inLanguage":"es","potentialAction":[{"@type":"ReadAction","target":["https:\/\/www.formaticbarcelona.com\/es\/accesibilidad\/"]}]},{"@type":"BreadcrumbList","@id":"https:\/\/www.formaticbarcelona.com\/es\/accesibilidad\/#breadcrumb","itemListElement":[{"@type":"ListItem","position":1,"name":"Portada","item":"https:\/\/www.formaticbarcelona.com\/es\/"},{"@type":"ListItem","position":2,"name":"Accessibilidad"}]},{"@type":"WebSite","@id":"https:\/\/www.formaticbarcelona.com\/es\/#website","url":"https:\/\/www.formaticbarcelona.com\/es\/","name":"Escuela Universitaria Formatic Barcelona","description":"Estudios de Grado y Dobles Grados \u2013 M\u00e1ster \u2013 Ciclos Formativos de Grado Superior \u2013 Cursos de Tripulante de Cabina de Pasajeros en Barcelona y de Azafatas de Vuelo","potentialAction":[{"@type":"SearchAction","target":{"@type":"EntryPoint","urlTemplate":"https:\/\/www.formaticbarcelona.com\/es\/?s={search_term_string}"},"query-input":{"@type":"PropertyValueSpecification","valueRequired":true,"valueName":"search_term_string"}}],"inLanguage":"es"}]}},"_links":{"self":[{"href":"https:\/\/www.formaticbarcelona.com\/es\/wp-json\/wp\/v2\/pages\/8134","targetHints":{"allow":["GET"]}}],"collection":[{"href":"https:\/\/www.formaticbarcelona.com\/es\/wp-json\/wp\/v2\/pages"}],"about":[{"href":"https:\/\/www.formaticbarcelona.com\/es\/wp-json\/wp\/v2\/types\/page"}],"author":[{"embeddable":true,"href":"https:\/\/www.formaticbarcelona.com\/es\/wp-json\/wp\/v2\/users\/1"}],"replies":[{"embeddable":true,"href":"https:\/\/www.formaticbarcelona.com\/es\/wp-json\/wp\/v2\/comments?post=8134"}],"version-history":[{"count":2,"href":"https:\/\/www.formaticbarcelona.com\/es\/wp-json\/wp\/v2\/pages\/8134\/revisions"}],"predecessor-version":[{"id":8136,"href":"https:\/\/www.formaticbarcelona.com\/es\/wp-json\/wp\/v2\/pages\/8134\/revisions\/8136"}],"wp:attachment":[{"href":"https:\/\/www.formaticbarcelona.com\/es\/wp-json\/wp\/v2\/media?parent=8134"}],"curies":[{"name":"wp","href":"https:\/\/api.w.org\/{rel}","templated":true}]}}